{"id":26,"date":"2023-09-10T14:49:12","date_gmt":"2023-09-10T12:49:12","guid":{"rendered":"https:\/\/alsabatirenov.fr\/?page_id=26"},"modified":"2026-04-03T23:19:19","modified_gmt":"2026-04-03T21:19:19","slug":"contact-devis-gratuit","status":"publish","type":"page","link":"https:\/\/alsabatirenov.fr\/index.php\/contact-devis-gratuit\/","title":{"rendered":"Contact"},"content":{"rendered":"\n<div class=\"wp-block-uagb-advanced-heading uagb-block-40b4a390\"><h2 class=\"uagb-heading-text\">Contactez votre entreprise de r\u00e9novation \u00e0 Strasbourg<\/h2><\/div>\n\n\n\n<p><\/p>\n\n\n\n<p><\/p>\n\n\n\n<div class=\"wp-block-uagb-advanced-heading uagb-block-f58cd48a\"><h3 class=\"uagb-heading-text\">Un projet de r\u00e9novation ? Une question ?<br>Nous sommes \u00e0 votre \u00e9coute pour vous accompagner et vous proposer un devis gratuit, rapide et personnalis\u00e9.<\/h3><\/div>\n\n\n\n<p><\/p>\n\n\n\n<p><\/p>\n\n\n\n<div class=\"wp-block-uagb-advanced-heading uagb-block-bf6696a2\"><h2 class=\"uagb-heading-text\">Zone d\u2019intervention : Strasbourg et alentours (Bas-Rhin)<\/h2><\/div>\n\n\n\n<p><\/p>\n\n\n\n<div class=\"wp-block-uagb-container uagb-block-c1982f6c alignfull uagb-is-root-container\"><div class=\"uagb-container-inner-blocks-wrap\">\n<div class=\"wp-block-uagb-container uagb-block-d01aeac0\">\n<div class=\"wp-block-uagb-buttons uagb-buttons__outer-wrap uagb-btn__default-btn uagb-btn-tablet__default-btn uagb-btn-mobile__default-btn uagb-block-f33fac0f\"><div class=\"uagb-buttons__wrap uagb-buttons-layout-wrap \">\n<div class=\"wp-block-uagb-buttons-child uagb-buttons__outer-wrap uagb-block-60852772 wp-block-button\"><div class=\"uagb-button__wrapper\"><a class=\"uagb-buttons-repeater wp-block-button__link\" aria-label=\"\" href=\"mailto:contact@alsabatirenov.fr?subject=Demande de devis&amp;body=Bonjour, je souhaite un devis pour...\" rel=\"follow noopener\" target=\"_self\" role=\"button\"><div class=\"uagb-button__link\"><strong>Demander un devis<\/strong><\/div><\/a><\/div><\/div>\n<\/div><\/div>\n<\/div>\n\n\n\n<div class=\"wp-block-uagb-container uagb-block-8a4a9963\">\n<div class=\"wp-block-uagb-buttons uagb-buttons__outer-wrap uagb-btn__default-btn uagb-btn-tablet__default-btn uagb-btn-mobile__default-btn uagb-block-92a9c302\"><div class=\"uagb-buttons__wrap uagb-buttons-layout-wrap \">\n<div class=\"wp-block-uagb-buttons-child uagb-buttons__outer-wrap uagb-block-46251c52 wp-block-button\"><div class=\"uagb-button__wrapper\"><a class=\"uagb-buttons-repeater wp-block-button__link\" aria-label=\"\" href=\"tel:+33621487286\" rel=\"follow noopener\" target=\"_self\" role=\"button\"><div class=\"uagb-button__link\">Appeler maintenant<\/div><\/a><\/div><\/div>\n<\/div><\/div>\n<\/div>\n<\/div><\/div>\n\n\n\n<p><\/p>\n","protected":false},"excerpt":{"rendered":"<p>Contactez votre entreprise de r\u00e9novation \u00e0 Strasbourg Un projet de r\u00e9novation ? Une question ?Nous sommes \u00e0 votre \u00e9coute pour [&hellip;]<\/p>\n","protected":false},"author":4,"featured_media":0,"parent":0,"menu_order":0,"comment_status":"closed","ping_status":"closed","template":"","meta":{"_uag_custom_page_level_css":"","site-sidebar-layout":"default","site-content-layout":"","ast-site-content-layout":"default","site-content-style":"default","site-sidebar-style":"default","ast-global-header-display":"","ast-banner-title-visibility":"","ast-main-header-display":"","ast-hfb-above-header-display":"","ast-hfb-below-header-display":"","ast-hfb-mobile-header-display":"","site-post-title":"disabled","ast-breadcrumbs-content":"","ast-featured-img":"","footer-sml-layout":"","ast-disable-related-posts":"","theme-transparent-header-meta":"","adv-header-id-meta":"","stick-header-meta":"","header-above-stick-meta":"","header-main-stick-meta":"","header-below-stick-meta":"","astra-migrate-meta-layouts":"default","ast-page-background-enabled":"default","ast-page-background-meta":{"desktop":{"background-color":"var(--ast-global-color-5)","background-image":"","background-repeat":"repeat","background-position":"center center","background-size":"auto","background-attachment":"scroll","background-type":"","background-media":"","overlay-type":"","overlay-color":"","overlay-opacity":"","overlay-gradient":""},"tablet":{"background-color":"","background-image":"","background-repeat":"repeat","background-position":"center center","background-size":"auto","background-attachment":"scroll","background-type":"","background-media":"","overlay-type":"","overlay-color":"","overlay-opacity":"","overlay-gradient":""},"mobile":{"background-color":"","background-image":"","background-repeat":"repeat","background-position":"center center","background-size":"auto","background-attachment":"scroll","background-type":"","background-media":"","overlay-type":"","overlay-color":"","overlay-opacity":"","overlay-gradient":""}},"ast-content-background-meta":{"desktop":{"background-color":"var(--ast-global-color-4)","background-image":"","background-repeat":"repeat","background-position":"center center","background-size":"auto","background-attachment":"scroll","background-type":"","background-media":"","overlay-type":"","overlay-color":"","overlay-opacity":"","overlay-gradient":""},"tablet":{"background-color":"var(--ast-global-color-4)","background-image":"","background-repeat":"repeat","background-position":"center center","background-size":"auto","background-attachment":"scroll","background-type":"","background-media":"","overlay-type":"","overlay-color":"","overlay-opacity":"","overlay-gradient":""},"mobile":{"background-color":"var(--ast-global-color-4)","background-image":"","background-repeat":"repeat","background-position":"center center","background-size":"auto","background-attachment":"scroll","background-type":"","background-media":"","overlay-type":"","overlay-color":"","overlay-opacity":"","overlay-gradient":""}},"footnotes":""},"class_list":["post-26","page","type-page","status-publish","hentry"],"yoast_head":"<!-- This site is optimized with the Yoast SEO plugin v27.3 - https:\/\/yoast.com\/product\/yoast-seo-wordpress\/ -->\n<title>Contact - Alsa Bati Renov - Devis Rapide Gratuit \u00e0 Strasbourg et alentours<\/title>\n<meta name=\"description\" content=\"Un projet de r\u00e9novation \u00e0 Strasbourg ? Une question ? Nous sommes \u00e0 votre \u00e9coute pour vous accompagner et vous proposer un devis gratuit, rapide et personnalis\u00e9.\" \/>\n<meta name=\"robots\" content=\"index, follow, max-snippet:-1, max-image-preview:large, max-video-preview:-1\" \/>\n<link rel=\"canonical\" href=\"https:\/\/alsabatirenov.fr\/index.php\/contact-devis-gratuit\/\" \/>\n<meta property=\"og:locale\" content=\"fr_FR\" \/>\n<meta property=\"og:type\" content=\"article\" \/>\n<meta property=\"og:title\" content=\"Contact - Alsa Bati Renov - Devis Rapide Gratuit \u00e0 Strasbourg et alentours\" \/>\n<meta property=\"og:description\" content=\"Un projet de r\u00e9novation \u00e0 Strasbourg ? Une question ? Nous sommes \u00e0 votre \u00e9coute pour vous accompagner et vous proposer un devis gratuit, rapide et personnalis\u00e9.\" \/>\n<meta property=\"og:url\" content=\"https:\/\/alsabatirenov.fr\/index.php\/contact-devis-gratuit\/\" \/>\n<meta property=\"og:site_name\" content=\"Alsa Bati Renov\" \/>\n<meta property=\"article:publisher\" content=\"https:\/\/www.facebook.com\/share\/18JDy82Wzf\/\" \/>\n<meta property=\"article:modified_time\" content=\"2026-04-03T21:19:19+00:00\" \/>\n<meta name=\"twitter:card\" content=\"summary_large_image\" \/>\n<meta name=\"twitter:label1\" content=\"Dur\u00e9e de lecture estim\u00e9e\" \/>\n\t<meta name=\"twitter:data1\" content=\"1 minute\" \/>\n<script type=\"application\/ld+json\" class=\"yoast-schema-graph\">{\"@context\":\"https:\\\/\\\/schema.org\",\"@graph\":[{\"@type\":\"WebPage\",\"@id\":\"https:\\\/\\\/alsabatirenov.fr\\\/index.php\\\/contact-devis-gratuit\\\/\",\"url\":\"https:\\\/\\\/alsabatirenov.fr\\\/index.php\\\/contact-devis-gratuit\\\/\",\"name\":\"Contact - Alsa Bati Renov - Devis Rapide Gratuit \u00e0 Strasbourg et alentours\",\"isPartOf\":{\"@id\":\"https:\\\/\\\/alsabatirenov.fr\\\/#website\"},\"datePublished\":\"2023-09-10T12:49:12+00:00\",\"dateModified\":\"2026-04-03T21:19:19+00:00\",\"description\":\"Un projet de r\u00e9novation \u00e0 Strasbourg ? Une question ? Nous sommes \u00e0 votre \u00e9coute pour vous accompagner et vous proposer un devis gratuit, rapide et personnalis\u00e9.\",\"breadcrumb\":{\"@id\":\"https:\\\/\\\/alsabatirenov.fr\\\/index.php\\\/contact-devis-gratuit\\\/#breadcrumb\"},\"inLanguage\":\"fr-FR\",\"potentialAction\":[{\"@type\":\"ReadAction\",\"target\":[\"https:\\\/\\\/alsabatirenov.fr\\\/index.php\\\/contact-devis-gratuit\\\/\"]}]},{\"@type\":\"BreadcrumbList\",\"@id\":\"https:\\\/\\\/alsabatirenov.fr\\\/index.php\\\/contact-devis-gratuit\\\/#breadcrumb\",\"itemListElement\":[{\"@type\":\"ListItem\",\"position\":1,\"name\":\"Accueil\",\"item\":\"https:\\\/\\\/alsabatirenov.fr\\\/\"},{\"@type\":\"ListItem\",\"position\":2,\"name\":\"Contact\"}]},{\"@type\":\"WebSite\",\"@id\":\"https:\\\/\\\/alsabatirenov.fr\\\/#website\",\"url\":\"https:\\\/\\\/alsabatirenov.fr\\\/\",\"name\":\"Alsa Bati Renov\",\"description\":\"Entreprise de R\u00e9novation \u00e0 Strasbourg\",\"publisher\":{\"@id\":\"https:\\\/\\\/alsabatirenov.fr\\\/#organization\"},\"potentialAction\":[{\"@type\":\"SearchAction\",\"target\":{\"@type\":\"EntryPoint\",\"urlTemplate\":\"https:\\\/\\\/alsabatirenov.fr\\\/?s={search_term_string}\"},\"query-input\":{\"@type\":\"PropertyValueSpecification\",\"valueRequired\":true,\"valueName\":\"search_term_string\"}}],\"inLanguage\":\"fr-FR\"},{\"@type\":\"Organization\",\"@id\":\"https:\\\/\\\/alsabatirenov.fr\\\/#organization\",\"name\":\"Alsa Bati Renov \u2013 Entreprise de R\u00e9novation Maison & Appartement \u00e0 Strasbourg\",\"url\":\"https:\\\/\\\/alsabatirenov.fr\\\/\",\"logo\":{\"@type\":\"ImageObject\",\"inLanguage\":\"fr-FR\",\"@id\":\"https:\\\/\\\/alsabatirenov.fr\\\/#\\\/schema\\\/logo\\\/image\\\/\",\"url\":\"https:\\\/\\\/alsabatirenov.fr\\\/wp-content\\\/uploads\\\/2026\\\/03\\\/cropped-cropped-unnamed-e1774362393589.png\",\"contentUrl\":\"https:\\\/\\\/alsabatirenov.fr\\\/wp-content\\\/uploads\\\/2026\\\/03\\\/cropped-cropped-unnamed-e1774362393589.png\",\"width\":207,\"height\":69,\"caption\":\"Alsa Bati Renov \u2013 Entreprise de R\u00e9novation Maison & Appartement \u00e0 Strasbourg\"},\"image\":{\"@id\":\"https:\\\/\\\/alsabatirenov.fr\\\/#\\\/schema\\\/logo\\\/image\\\/\"},\"sameAs\":[\"https:\\\/\\\/www.facebook.com\\\/share\\\/18JDy82Wzf\\\/\"]}]}<\/script>\n<!-- \/ Yoast SEO plugin. -->","yoast_head_json":{"title":"Contact - Alsa Bati Renov - Devis Rapide Gratuit \u00e0 Strasbourg et alentours","description":"Un projet de r\u00e9novation \u00e0 Strasbourg ? Une question ? Nous sommes \u00e0 votre \u00e9coute pour vous accompagner et vous proposer un devis gratuit, rapide et personnalis\u00e9.","robots":{"index":"index","follow":"follow","max-snippet":"max-snippet:-1","max-image-preview":"max-image-preview:large","max-video-preview":"max-video-preview:-1"},"canonical":"https:\/\/alsabatirenov.fr\/index.php\/contact-devis-gratuit\/","og_locale":"fr_FR","og_type":"article","og_title":"Contact - Alsa Bati Renov - Devis Rapide Gratuit \u00e0 Strasbourg et alentours","og_description":"Un projet de r\u00e9novation \u00e0 Strasbourg ? Une question ? Nous sommes \u00e0 votre \u00e9coute pour vous accompagner et vous proposer un devis gratuit, rapide et personnalis\u00e9.","og_url":"https:\/\/alsabatirenov.fr\/index.php\/contact-devis-gratuit\/","og_site_name":"Alsa Bati Renov","article_publisher":"https:\/\/www.facebook.com\/share\/18JDy82Wzf\/","article_modified_time":"2026-04-03T21:19:19+00:00","twitter_card":"summary_large_image","twitter_misc":{"Dur\u00e9e de lecture estim\u00e9e":"1 minute"},"schema":{"@context":"https:\/\/schema.org","@graph":[{"@type":"WebPage","@id":"https:\/\/alsabatirenov.fr\/index.php\/contact-devis-gratuit\/","url":"https:\/\/alsabatirenov.fr\/index.php\/contact-devis-gratuit\/","name":"Contact - Alsa Bati Renov - Devis Rapide Gratuit \u00e0 Strasbourg et alentours","isPartOf":{"@id":"https:\/\/alsabatirenov.fr\/#website"},"datePublished":"2023-09-10T12:49:12+00:00","dateModified":"2026-04-03T21:19:19+00:00","description":"Un projet de r\u00e9novation \u00e0 Strasbourg ? Une question ? Nous sommes \u00e0 votre \u00e9coute pour vous accompagner et vous proposer un devis gratuit, rapide et personnalis\u00e9.","breadcrumb":{"@id":"https:\/\/alsabatirenov.fr\/index.php\/contact-devis-gratuit\/#breadcrumb"},"inLanguage":"fr-FR","potentialAction":[{"@type":"ReadAction","target":["https:\/\/alsabatirenov.fr\/index.php\/contact-devis-gratuit\/"]}]},{"@type":"BreadcrumbList","@id":"https:\/\/alsabatirenov.fr\/index.php\/contact-devis-gratuit\/#breadcrumb","itemListElement":[{"@type":"ListItem","position":1,"name":"Accueil","item":"https:\/\/alsabatirenov.fr\/"},{"@type":"ListItem","position":2,"name":"Contact"}]},{"@type":"WebSite","@id":"https:\/\/alsabatirenov.fr\/#website","url":"https:\/\/alsabatirenov.fr\/","name":"Alsa Bati Renov","description":"Entreprise de R\u00e9novation \u00e0 Strasbourg","publisher":{"@id":"https:\/\/alsabatirenov.fr\/#organization"},"potentialAction":[{"@type":"SearchAction","target":{"@type":"EntryPoint","urlTemplate":"https:\/\/alsabatirenov.fr\/?s={search_term_string}"},"query-input":{"@type":"PropertyValueSpecification","valueRequired":true,"valueName":"search_term_string"}}],"inLanguage":"fr-FR"},{"@type":"Organization","@id":"https:\/\/alsabatirenov.fr\/#organization","name":"Alsa Bati Renov \u2013 Entreprise de R\u00e9novation Maison & Appartement \u00e0 Strasbourg","url":"https:\/\/alsabatirenov.fr\/","logo":{"@type":"ImageObject","inLanguage":"fr-FR","@id":"https:\/\/alsabatirenov.fr\/#\/schema\/logo\/image\/","url":"https:\/\/alsabatirenov.fr\/wp-content\/uploads\/2026\/03\/cropped-cropped-unnamed-e1774362393589.png","contentUrl":"https:\/\/alsabatirenov.fr\/wp-content\/uploads\/2026\/03\/cropped-cropped-unnamed-e1774362393589.png","width":207,"height":69,"caption":"Alsa Bati Renov \u2013 Entreprise de R\u00e9novation Maison & Appartement \u00e0 Strasbourg"},"image":{"@id":"https:\/\/alsabatirenov.fr\/#\/schema\/logo\/image\/"},"sameAs":["https:\/\/www.facebook.com\/share\/18JDy82Wzf\/"]}]}},"uagb_featured_image_src":{"full":false,"thumbnail":false,"medium":false,"medium_large":false,"large":false,"1536x1536":false,"2048x2048":false},"uagb_author_info":{"display_name":"Pascal Wolf","author_link":"https:\/\/alsabatirenov.fr\/index.php\/author\/pascal\/"},"uagb_comment_info":0,"uagb_excerpt":"Contactez votre entreprise de r\u00e9novation \u00e0 Strasbourg Un projet de r\u00e9novation ? Une question ?Nous sommes \u00e0 votre \u00e9coute pour [&hellip;]","_links":{"self":[{"href":"https:\/\/alsabatirenov.fr\/index.php\/wp-json\/wp\/v2\/pages\/26","targetHints":{"allow":["GET"]}}],"collection":[{"href":"https:\/\/alsabatirenov.fr\/index.php\/wp-json\/wp\/v2\/pages"}],"about":[{"href":"https:\/\/alsabatirenov.fr\/index.php\/wp-json\/wp\/v2\/types\/page"}],"author":[{"embeddable":true,"href":"https:\/\/alsabatirenov.fr\/index.php\/wp-json\/wp\/v2\/users\/4"}],"replies":[{"embeddable":true,"href":"https:\/\/alsabatirenov.fr\/index.php\/wp-json\/wp\/v2\/comments?post=26"}],"version-history":[{"count":13,"href":"https:\/\/alsabatirenov.fr\/index.php\/wp-json\/wp\/v2\/pages\/26\/revisions"}],"predecessor-version":[{"id":392,"href":"https:\/\/alsabatirenov.fr\/index.php\/wp-json\/wp\/v2\/pages\/26\/revisions\/392"}],"wp:attachment":[{"href":"https:\/\/alsabatirenov.fr\/index.php\/wp-json\/wp\/v2\/media?parent=26"}],"curies":[{"name":"wp","href":"https:\/\/api.w.org\/{rel}","templated":true}]}}