{"id":244,"date":"2026-03-24T16:28:50","date_gmt":"2026-03-24T15:28:50","guid":{"rendered":"https:\/\/alsabatirenov.fr\/?page_id=244"},"modified":"2026-04-05T09:50:02","modified_gmt":"2026-04-05T07:50:02","slug":"travaux-de-plomberie-et-electricite","status":"publish","type":"page","link":"https:\/\/alsabatirenov.fr\/index.php\/travaux-de-plomberie-et-electricite\/","title":{"rendered":"Plomberie et \u00c9lectricit\u00e9"},"content":{"rendered":"\n<p><\/p>\n\n\n\n<div class=\"wp-block-uagb-advanced-heading uagb-block-103ea699\"><h2 class=\"uagb-heading-text\"><strong>Travaux de plomberie et \u00e9lectricit\u00e9 \u00e0 Strasbourg<\/strong><\/h2><\/div>\n\n\n\n<p><\/p>\n\n\n\n<div class=\"wp-block-uagb-advanced-heading uagb-block-b0d16c4c\"><h4 class=\"uagb-heading-text\">Besoin de r\u00e9nover ou s\u00e9curiser vos installations ?<br>Nous r\u00e9alisons vos travaux de plomberie et d\u2019\u00e9lectricit\u00e9 avec s\u00e9rieux, dans le respect des normes et avec un travail soign\u00e9.<\/h4><\/div>\n\n\n\n<div class=\"wp-block-uagb-image aligncenter uagb-block-5220ccdd wp-block-uagb-image--layout-default wp-block-uagb-image--effect-static wp-block-uagb-image--align-center\"><figure class=\"wp-block-uagb-image__figure\"><img loading=\"lazy\" decoding=\"async\" srcset=\"https:\/\/alsabatirenov.fr\/wp-content\/uploads\/2026\/04\/RenderedI1_2330-edited.jpg ,https:\/\/alsabatirenov.fr\/wp-content\/uploads\/2026\/04\/RenderedI1_2330.jpg 780w, https:\/\/alsabatirenov.fr\/wp-content\/uploads\/2026\/04\/RenderedI1_2330.jpg 360w\" sizes=\"auto, (max-width: 480px) 150px\" src=\"https:\/\/alsabatirenov.fr\/wp-content\/uploads\/2026\/04\/RenderedI1_2330-edited.jpg\" alt=\"\" class=\"uag-image-368\" width=\"641\" height=\"1377\" title=\"RenderedI1_2330\" role=\"img\"\/><\/figure><\/div>\n\n\n\n<p><\/p>\n\n\n\n<p><\/p>\n\n\n\n<div class=\"wp-block-uagb-advanced-heading uagb-block-98aaf93b\"><h2 class=\"uagb-heading-text\">Des installations fiables et conformes<\/h2><\/div>\n\n\n\n<div class=\"wp-block-uagb-advanced-heading uagb-block-7529e4c0\"><h5 class=\"uagb-heading-text\">Nous intervenons pour tous vos travaux de plomberie et d\u2019\u00e9lectricit\u00e9, en neuf comme en r\u00e9novation.<br>Notre objectif : vous garantir des installations s\u00e9curis\u00e9es, performantes et durables.<\/h5><\/div>\n\n\n\n<p><\/p>\n\n\n\n<p><\/p>\n\n\n\n<div class=\"wp-block-uagb-advanced-heading uagb-block-f9902ccf\"><h2 class=\"uagb-heading-text\">Nos prestations :<\/h2><\/div>\n\n\n\n<div class=\"wp-block-uagb-container uagb-block-de8f8a24 alignfull uagb-is-root-container\"><div class=\"uagb-container-inner-blocks-wrap\">\n<div class=\"wp-block-uagb-container uagb-block-97f62b57\">\n<div class=\"wp-block-uagb-advanced-heading uagb-block-7cc8b49c\"><h2 class=\"uagb-heading-text\">\u00c9lectricit\u00e9<\/h2><\/div>\n\n\n\n<ul class=\"wp-block-list\">\n<li>Mise aux normes \u00e9lectriques<\/li>\n\n\n\n<li>Installation de tableaux \u00e9lectriques<\/li>\n\n\n\n<li>Cr\u00e9ation de circuits<\/li>\n\n\n\n<li>Pose de prises et interrupteurs<\/li>\n\n\n\n<li>\u00c9clairage int\u00e9rieur<\/li>\n<\/ul>\n\n\n\n<div class=\"wp-block-uagb-advanced-heading uagb-block-a24a04b7\"><h2 class=\"uagb-heading-text\">S\u00e9curit\u00e9 et performance<\/h2><\/div>\n\n\n\n<div class=\"wp-block-uagb-advanced-heading uagb-block-40c70f3b\"><h4 class=\"uagb-heading-text\">Nous r\u00e9alisons des installations \u00e9lectriques conformes aux normes pour garantir votre s\u00e9curit\u00e9 et votre confort au quotidien.<\/h4><\/div>\n<\/div>\n\n\n\n<div class=\"wp-block-uagb-container uagb-block-32c5ab6f\">\n<div class=\"wp-block-uagb-advanced-heading uagb-block-be6e0e3a\"><h2 class=\"uagb-heading-text\">Plomberie<\/h2><\/div>\n\n\n\n<ul class=\"wp-block-list\">\n<li>Cr\u00e9ation et r\u00e9novation de r\u00e9seaux d\u2019eau<\/li>\n\n\n\n<li>Installation de sanitaires<\/li>\n\n\n\n<li>Raccordements cuisine et salle de bain<\/li>\n\n\n\n<li>Recherche et r\u00e9paration de fuites<\/li>\n\n\n\n<li>Remplacement de robinetterie<\/li>\n<\/ul>\n\n\n\n<div class=\"wp-block-uagb-advanced-heading uagb-block-2e6a7171\"><h2 class=\"uagb-heading-text\">Des installations durables<\/h2><\/div>\n\n\n\n<div class=\"wp-block-uagb-advanced-heading uagb-block-cc17f146\"><h4 class=\"uagb-heading-text\">Nous intervenons sur tous vos besoins en plomberie, du simple raccordement \u00e0 la r\u00e9novation compl\u00e8te.<\/h4><\/div>\n<\/div>\n<\/div><\/div>\n\n\n\n<p><\/p>\n\n\n\n<p><\/p>\n\n\n\n<div class=\"wp-block-uagb-advanced-heading uagb-block-eae464c5\"><h2 class=\"uagb-heading-text\">POURQUOI NOUS CHOISIR<\/h2><\/div>\n\n\n\n<p><\/p>\n\n\n\n<div class=\"wp-block-uagb-advanced-heading uagb-block-ec77be86\"><h4 class=\"uagb-heading-text\">\u2714 Respect des normes en vigueur<br>\u2714 Travail propre et soign\u00e9<br>\u2714 Conseils personnalis\u00e9s<br>\u2714 R\u00e9activit\u00e9 et suivi<br>\u2714 Excellent rapport qualit\u00e9 \/ prix<\/h4><\/div>\n\n\n\n<p><\/p>\n\n\n\n<p><\/p>\n\n\n\n<div class=\"wp-block-uagb-advanced-heading uagb-block-215a2e60\"><h2 class=\"uagb-heading-text\"><a href=\"https:\/\/alsabatirenov.fr\/index.php\/nos-realsiations\/\"><mark class=\"uagb-highlight\"><strong>Nos R\u00e9alisations<\/strong><\/mark><\/a><\/h2><\/div>\n\n\n\n<p><\/p>\n\n\n\n<div class=\"wp-block-uagb-advanced-heading uagb-block-142c90a7\"><h1 class=\"uagb-heading-text\">Un probl\u00e8me ou un projet ?<\/h1><\/div>\n\n\n\n<p><\/p>\n\n\n\n<div class=\"wp-block-uagb-advanced-heading uagb-block-30b46115\"><h4 class=\"uagb-heading-text\">Contactez-nous d\u00e8s maintenant pour un devis gratuit et une intervention rapide.<\/h4><\/div>\n\n\n\n<p><\/p>\n\n\n\n<div class=\"wp-block-uagb-buttons uagb-buttons__outer-wrap uagb-btn__default-btn uagb-btn-tablet__default-btn uagb-btn-mobile__default-btn uagb-block-7a5fd4e2\"><div class=\"uagb-buttons__wrap uagb-buttons-layout-wrap \">\n<div class=\"wp-block-uagb-buttons-child uagb-buttons__outer-wrap uagb-block-7b2cbb61 wp-block-button\"><div class=\"uagb-button__wrapper\"><a class=\"uagb-buttons-repeater wp-block-button__link\" aria-label=\"\" href=\"tel:+33621487286\" rel=\"follow noopener\" target=\"_self\" role=\"button\"><div class=\"uagb-button__link\">Demander un devis<\/div><\/a><\/div><\/div>\n<\/div><\/div>\n\n\n\n<p><\/p>\n","protected":false},"excerpt":{"rendered":"<p>Travaux de plomberie et \u00e9lectricit\u00e9 \u00e0 Strasbourg Besoin de r\u00e9nover ou s\u00e9curiser vos installations ?Nous r\u00e9alisons vos travaux de plomberie [&hellip;]<\/p>\n","protected":false},"author":4,"featured_media":0,"parent":0,"menu_order":0,"comment_status":"closed","ping_status":"closed","template":"","meta":{"_uag_custom_page_level_css":"","site-sidebar-layout":"default","site-content-layout":"","ast-site-content-layout":"default","site-content-style":"default","site-sidebar-style":"default","ast-global-header-display":"","ast-banner-title-visibility":"","ast-main-header-display":"","ast-hfb-above-header-display":"","ast-hfb-below-header-display":"","ast-hfb-mobile-header-display":"","site-post-title":"disabled","ast-breadcrumbs-content":"","ast-featured-img":"","footer-sml-layout":"","ast-disable-related-posts":"","theme-transparent-header-meta":"","adv-header-id-meta":"","stick-header-meta":"","header-above-stick-meta":"","header-main-stick-meta":"","header-below-stick-meta":"","astra-migrate-meta-layouts":"default","ast-page-background-enabled":"default","ast-page-background-meta":{"desktop":{"background-color":"var(--ast-global-color-5)","background-image":"","background-repeat":"repeat","background-position":"center center","background-size":"auto","background-attachment":"scroll","background-type":"","background-media":"","overlay-type":"","overlay-color":"","overlay-opacity":"","overlay-gradient":""},"tablet":{"background-color":"","background-image":"","background-repeat":"repeat","background-position":"center center","background-size":"auto","background-attachment":"scroll","background-type":"","background-media":"","overlay-type":"","overlay-color":"","overlay-opacity":"","overlay-gradient":""},"mobile":{"background-color":"","background-image":"","background-repeat":"repeat","background-position":"center center","background-size":"auto","background-attachment":"scroll","background-type":"","background-media":"","overlay-type":"","overlay-color":"","overlay-opacity":"","overlay-gradient":""}},"ast-content-background-meta":{"desktop":{"background-color":"var(--ast-global-color-4)","background-image":"","background-repeat":"repeat","background-position":"center center","background-size":"auto","background-attachment":"scroll","background-type":"","background-media":"","overlay-type":"","overlay-color":"","overlay-opacity":"","overlay-gradient":""},"tablet":{"background-color":"var(--ast-global-color-4)","background-image":"","background-repeat":"repeat","background-position":"center center","background-size":"auto","background-attachment":"scroll","background-type":"","background-media":"","overlay-type":"","overlay-color":"","overlay-opacity":"","overlay-gradient":""},"mobile":{"background-color":"var(--ast-global-color-4)","background-image":"","background-repeat":"repeat","background-position":"center center","background-size":"auto","background-attachment":"scroll","background-type":"","background-media":"","overlay-type":"","overlay-color":"","overlay-opacity":"","overlay-gradient":""}},"footnotes":""},"class_list":["post-244","page","type-page","status-publish","hentry"],"yoast_head":"<!-- This site is optimized with the Yoast SEO plugin v27.3 - https:\/\/yoast.com\/product\/yoast-seo-wordpress\/ -->\n<title>Travaux de Plomberie et \u00c9lectricit\u00e9 \u00e0 Strasbourg - Alsa Bati Renov<\/title>\n<meta name=\"description\" content=\"Besoin de r\u00e9nover ou s\u00e9curiser vos installations \u00e0 Strasbourg % ?Nous r\u00e9alisons vos travaux de plomberie et d\u2019\u00e9lectricit\u00e9 avec s\u00e9rieux, dans le respect des normes et avec un travail soign\u00e9.\" \/>\n<meta name=\"robots\" content=\"index, follow, max-snippet:-1, max-image-preview:large, max-video-preview:-1\" \/>\n<link rel=\"canonical\" href=\"https:\/\/alsabatirenov.fr\/index.php\/travaux-de-plomberie-et-electricite\/\" \/>\n<meta property=\"og:locale\" content=\"fr_FR\" \/>\n<meta property=\"og:type\" content=\"article\" \/>\n<meta property=\"og:title\" content=\"Travaux de Plomberie et \u00c9lectricit\u00e9 \u00e0 Strasbourg - Alsa Bati Renov\" \/>\n<meta property=\"og:description\" content=\"Besoin de r\u00e9nover ou s\u00e9curiser vos installations \u00e0 Strasbourg % ?Nous r\u00e9alisons vos travaux de plomberie et d\u2019\u00e9lectricit\u00e9 avec s\u00e9rieux, dans le respect des normes et avec un travail soign\u00e9.\" \/>\n<meta property=\"og:url\" content=\"https:\/\/alsabatirenov.fr\/index.php\/travaux-de-plomberie-et-electricite\/\" \/>\n<meta property=\"og:site_name\" content=\"Alsa Bati Renov\" \/>\n<meta property=\"article:publisher\" content=\"https:\/\/www.facebook.com\/share\/18JDy82Wzf\/\" \/>\n<meta property=\"article:modified_time\" content=\"2026-04-05T07:50:02+00:00\" \/>\n<meta property=\"og:image\" content=\"https:\/\/alsabatirenov.fr\/wp-content\/uploads\/2026\/04\/RenderedI1_2330-edited.jpg\" \/>\n<meta name=\"twitter:card\" content=\"summary_large_image\" \/>\n<meta name=\"twitter:label1\" content=\"Dur\u00e9e de lecture estim\u00e9e\" \/>\n\t<meta name=\"twitter:data1\" content=\"2 minutes\" \/>\n<script type=\"application\/ld+json\" class=\"yoast-schema-graph\">{\"@context\":\"https:\\\/\\\/schema.org\",\"@graph\":[{\"@type\":\"WebPage\",\"@id\":\"https:\\\/\\\/alsabatirenov.fr\\\/index.php\\\/travaux-de-plomberie-et-electricite\\\/\",\"url\":\"https:\\\/\\\/alsabatirenov.fr\\\/index.php\\\/travaux-de-plomberie-et-electricite\\\/\",\"name\":\"Travaux de Plomberie et \u00c9lectricit\u00e9 \u00e0 Strasbourg - Alsa Bati Renov\",\"isPartOf\":{\"@id\":\"https:\\\/\\\/alsabatirenov.fr\\\/#website\"},\"primaryImageOfPage\":{\"@id\":\"https:\\\/\\\/alsabatirenov.fr\\\/index.php\\\/travaux-de-plomberie-et-electricite\\\/#primaryimage\"},\"image\":{\"@id\":\"https:\\\/\\\/alsabatirenov.fr\\\/index.php\\\/travaux-de-plomberie-et-electricite\\\/#primaryimage\"},\"thumbnailUrl\":\"https:\\\/\\\/alsabatirenov.fr\\\/wp-content\\\/uploads\\\/2026\\\/04\\\/RenderedI1_2330-edited.jpg\",\"datePublished\":\"2026-03-24T15:28:50+00:00\",\"dateModified\":\"2026-04-05T07:50:02+00:00\",\"description\":\"Besoin de r\u00e9nover ou s\u00e9curiser vos installations \u00e0 Strasbourg % ?Nous r\u00e9alisons vos travaux de plomberie et d\u2019\u00e9lectricit\u00e9 avec s\u00e9rieux, dans le respect des normes et avec un travail soign\u00e9.\",\"breadcrumb\":{\"@id\":\"https:\\\/\\\/alsabatirenov.fr\\\/index.php\\\/travaux-de-plomberie-et-electricite\\\/#breadcrumb\"},\"inLanguage\":\"fr-FR\",\"potentialAction\":[{\"@type\":\"ReadAction\",\"target\":[\"https:\\\/\\\/alsabatirenov.fr\\\/index.php\\\/travaux-de-plomberie-et-electricite\\\/\"]}]},{\"@type\":\"ImageObject\",\"inLanguage\":\"fr-FR\",\"@id\":\"https:\\\/\\\/alsabatirenov.fr\\\/index.php\\\/travaux-de-plomberie-et-electricite\\\/#primaryimage\",\"url\":\"https:\\\/\\\/alsabatirenov.fr\\\/wp-content\\\/uploads\\\/2026\\\/04\\\/RenderedI1_2330-edited.jpg\",\"contentUrl\":\"https:\\\/\\\/alsabatirenov.fr\\\/wp-content\\\/uploads\\\/2026\\\/04\\\/RenderedI1_2330-edited.jpg\",\"width\":1538,\"height\":1154},{\"@type\":\"BreadcrumbList\",\"@id\":\"https:\\\/\\\/alsabatirenov.fr\\\/index.php\\\/travaux-de-plomberie-et-electricite\\\/#breadcrumb\",\"itemListElement\":[{\"@type\":\"ListItem\",\"position\":1,\"name\":\"Accueil\",\"item\":\"https:\\\/\\\/alsabatirenov.fr\\\/\"},{\"@type\":\"ListItem\",\"position\":2,\"name\":\"Plomberie et \u00c9lectricit\u00e9\"}]},{\"@type\":\"WebSite\",\"@id\":\"https:\\\/\\\/alsabatirenov.fr\\\/#website\",\"url\":\"https:\\\/\\\/alsabatirenov.fr\\\/\",\"name\":\"Alsa Bati Renov\",\"description\":\"Entreprise de R\u00e9novation \u00e0 Strasbourg\",\"publisher\":{\"@id\":\"https:\\\/\\\/alsabatirenov.fr\\\/#organization\"},\"potentialAction\":[{\"@type\":\"SearchAction\",\"target\":{\"@type\":\"EntryPoint\",\"urlTemplate\":\"https:\\\/\\\/alsabatirenov.fr\\\/?s={search_term_string}\"},\"query-input\":{\"@type\":\"PropertyValueSpecification\",\"valueRequired\":true,\"valueName\":\"search_term_string\"}}],\"inLanguage\":\"fr-FR\"},{\"@type\":\"Organization\",\"@id\":\"https:\\\/\\\/alsabatirenov.fr\\\/#organization\",\"name\":\"Alsa Bati Renov \u2013 Entreprise de R\u00e9novation Maison & Appartement \u00e0 Strasbourg\",\"url\":\"https:\\\/\\\/alsabatirenov.fr\\\/\",\"logo\":{\"@type\":\"ImageObject\",\"inLanguage\":\"fr-FR\",\"@id\":\"https:\\\/\\\/alsabatirenov.fr\\\/#\\\/schema\\\/logo\\\/image\\\/\",\"url\":\"https:\\\/\\\/alsabatirenov.fr\\\/wp-content\\\/uploads\\\/2026\\\/03\\\/cropped-cropped-unnamed-e1774362393589.png\",\"contentUrl\":\"https:\\\/\\\/alsabatirenov.fr\\\/wp-content\\\/uploads\\\/2026\\\/03\\\/cropped-cropped-unnamed-e1774362393589.png\",\"width\":207,\"height\":69,\"caption\":\"Alsa Bati Renov \u2013 Entreprise de R\u00e9novation Maison & Appartement \u00e0 Strasbourg\"},\"image\":{\"@id\":\"https:\\\/\\\/alsabatirenov.fr\\\/#\\\/schema\\\/logo\\\/image\\\/\"},\"sameAs\":[\"https:\\\/\\\/www.facebook.com\\\/share\\\/18JDy82Wzf\\\/\"]}]}<\/script>\n<!-- \/ Yoast SEO plugin. -->","yoast_head_json":{"title":"Travaux de Plomberie et \u00c9lectricit\u00e9 \u00e0 Strasbourg - Alsa Bati Renov","description":"Besoin de r\u00e9nover ou s\u00e9curiser vos installations \u00e0 Strasbourg % ?Nous r\u00e9alisons vos travaux de plomberie et d\u2019\u00e9lectricit\u00e9 avec s\u00e9rieux, dans le respect des normes et avec un travail soign\u00e9.","robots":{"index":"index","follow":"follow","max-snippet":"max-snippet:-1","max-image-preview":"max-image-preview:large","max-video-preview":"max-video-preview:-1"},"canonical":"https:\/\/alsabatirenov.fr\/index.php\/travaux-de-plomberie-et-electricite\/","og_locale":"fr_FR","og_type":"article","og_title":"Travaux de Plomberie et \u00c9lectricit\u00e9 \u00e0 Strasbourg - Alsa Bati Renov","og_description":"Besoin de r\u00e9nover ou s\u00e9curiser vos installations \u00e0 Strasbourg % ?Nous r\u00e9alisons vos travaux de plomberie et d\u2019\u00e9lectricit\u00e9 avec s\u00e9rieux, dans le respect des normes et avec un travail soign\u00e9.","og_url":"https:\/\/alsabatirenov.fr\/index.php\/travaux-de-plomberie-et-electricite\/","og_site_name":"Alsa Bati Renov","article_publisher":"https:\/\/www.facebook.com\/share\/18JDy82Wzf\/","article_modified_time":"2026-04-05T07:50:02+00:00","og_image":[{"url":"https:\/\/alsabatirenov.fr\/wp-content\/uploads\/2026\/04\/RenderedI1_2330-edited.jpg","type":"","width":"","height":""}],"twitter_card":"summary_large_image","twitter_misc":{"Dur\u00e9e de lecture estim\u00e9e":"2 minutes"},"schema":{"@context":"https:\/\/schema.org","@graph":[{"@type":"WebPage","@id":"https:\/\/alsabatirenov.fr\/index.php\/travaux-de-plomberie-et-electricite\/","url":"https:\/\/alsabatirenov.fr\/index.php\/travaux-de-plomberie-et-electricite\/","name":"Travaux de Plomberie et \u00c9lectricit\u00e9 \u00e0 Strasbourg - Alsa Bati Renov","isPartOf":{"@id":"https:\/\/alsabatirenov.fr\/#website"},"primaryImageOfPage":{"@id":"https:\/\/alsabatirenov.fr\/index.php\/travaux-de-plomberie-et-electricite\/#primaryimage"},"image":{"@id":"https:\/\/alsabatirenov.fr\/index.php\/travaux-de-plomberie-et-electricite\/#primaryimage"},"thumbnailUrl":"https:\/\/alsabatirenov.fr\/wp-content\/uploads\/2026\/04\/RenderedI1_2330-edited.jpg","datePublished":"2026-03-24T15:28:50+00:00","dateModified":"2026-04-05T07:50:02+00:00","description":"Besoin de r\u00e9nover ou s\u00e9curiser vos installations \u00e0 Strasbourg % ?Nous r\u00e9alisons vos travaux de plomberie et d\u2019\u00e9lectricit\u00e9 avec s\u00e9rieux, dans le respect des normes et avec un travail soign\u00e9.","breadcrumb":{"@id":"https:\/\/alsabatirenov.fr\/index.php\/travaux-de-plomberie-et-electricite\/#breadcrumb"},"inLanguage":"fr-FR","potentialAction":[{"@type":"ReadAction","target":["https:\/\/alsabatirenov.fr\/index.php\/travaux-de-plomberie-et-electricite\/"]}]},{"@type":"ImageObject","inLanguage":"fr-FR","@id":"https:\/\/alsabatirenov.fr\/index.php\/travaux-de-plomberie-et-electricite\/#primaryimage","url":"https:\/\/alsabatirenov.fr\/wp-content\/uploads\/2026\/04\/RenderedI1_2330-edited.jpg","contentUrl":"https:\/\/alsabatirenov.fr\/wp-content\/uploads\/2026\/04\/RenderedI1_2330-edited.jpg","width":1538,"height":1154},{"@type":"BreadcrumbList","@id":"https:\/\/alsabatirenov.fr\/index.php\/travaux-de-plomberie-et-electricite\/#breadcrumb","itemListElement":[{"@type":"ListItem","position":1,"name":"Accueil","item":"https:\/\/alsabatirenov.fr\/"},{"@type":"ListItem","position":2,"name":"Plomberie et \u00c9lectricit\u00e9"}]},{"@type":"WebSite","@id":"https:\/\/alsabatirenov.fr\/#website","url":"https:\/\/alsabatirenov.fr\/","name":"Alsa Bati Renov","description":"Entreprise de R\u00e9novation \u00e0 Strasbourg","publisher":{"@id":"https:\/\/alsabatirenov.fr\/#organization"},"potentialAction":[{"@type":"SearchAction","target":{"@type":"EntryPoint","urlTemplate":"https:\/\/alsabatirenov.fr\/?s={search_term_string}"},"query-input":{"@type":"PropertyValueSpecification","valueRequired":true,"valueName":"search_term_string"}}],"inLanguage":"fr-FR"},{"@type":"Organization","@id":"https:\/\/alsabatirenov.fr\/#organization","name":"Alsa Bati Renov \u2013 Entreprise de R\u00e9novation Maison & Appartement \u00e0 Strasbourg","url":"https:\/\/alsabatirenov.fr\/","logo":{"@type":"ImageObject","inLanguage":"fr-FR","@id":"https:\/\/alsabatirenov.fr\/#\/schema\/logo\/image\/","url":"https:\/\/alsabatirenov.fr\/wp-content\/uploads\/2026\/03\/cropped-cropped-unnamed-e1774362393589.png","contentUrl":"https:\/\/alsabatirenov.fr\/wp-content\/uploads\/2026\/03\/cropped-cropped-unnamed-e1774362393589.png","width":207,"height":69,"caption":"Alsa Bati Renov \u2013 Entreprise de R\u00e9novation Maison & Appartement \u00e0 Strasbourg"},"image":{"@id":"https:\/\/alsabatirenov.fr\/#\/schema\/logo\/image\/"},"sameAs":["https:\/\/www.facebook.com\/share\/18JDy82Wzf\/"]}]}},"uagb_featured_image_src":{"full":false,"thumbnail":false,"medium":false,"medium_large":false,"large":false,"1536x1536":false,"2048x2048":false},"uagb_author_info":{"display_name":"Pascal Wolf","author_link":"https:\/\/alsabatirenov.fr\/index.php\/author\/pascal\/"},"uagb_comment_info":0,"uagb_excerpt":"Travaux de plomberie et \u00e9lectricit\u00e9 \u00e0 Strasbourg Besoin de r\u00e9nover ou s\u00e9curiser vos installations ?Nous r\u00e9alisons vos travaux de plomberie [&hellip;]","_links":{"self":[{"href":"https:\/\/alsabatirenov.fr\/index.php\/wp-json\/wp\/v2\/pages\/244","targetHints":{"allow":["GET"]}}],"collection":[{"href":"https:\/\/alsabatirenov.fr\/index.php\/wp-json\/wp\/v2\/pages"}],"about":[{"href":"https:\/\/alsabatirenov.fr\/index.php\/wp-json\/wp\/v2\/types\/page"}],"author":[{"embeddable":true,"href":"https:\/\/alsabatirenov.fr\/index.php\/wp-json\/wp\/v2\/users\/4"}],"replies":[{"embeddable":true,"href":"https:\/\/alsabatirenov.fr\/index.php\/wp-json\/wp\/v2\/comments?post=244"}],"version-history":[{"count":7,"href":"https:\/\/alsabatirenov.fr\/index.php\/wp-json\/wp\/v2\/pages\/244\/revisions"}],"predecessor-version":[{"id":373,"href":"https:\/\/alsabatirenov.fr\/index.php\/wp-json\/wp\/v2\/pages\/244\/revisions\/373"}],"wp:attachment":[{"href":"https:\/\/alsabatirenov.fr\/index.php\/wp-json\/wp\/v2\/media?parent=244"}],"curies":[{"name":"wp","href":"https:\/\/api.w.org\/{rel}","templated":true}]}}