{"id":14,"date":"2023-09-10T14:26:40","date_gmt":"2023-09-10T12:26:40","guid":{"rendered":"https:\/\/alsabatirenov.fr\/?page_id=14"},"modified":"2026-04-05T09:58:40","modified_gmt":"2026-04-05T07:58:40","slug":"salle-de-bain-et-cuisine-cle-en-main","status":"publish","type":"page","link":"https:\/\/alsabatirenov.fr\/index.php\/salle-de-bain-et-cuisine-cle-en-main\/","title":{"rendered":"Salle de Bain et Cuisine Cl\u00e9 en Main"},"content":{"rendered":"\n<p><\/p>\n\n\n\n<div class=\"wp-block-uagb-advanced-heading uagb-block-7dea47d0\"><h1 class=\"uagb-heading-text\"><em>Salle de bain et cuisine cl\u00e9 en main<\/em><\/h1><\/div>\n\n\n\n<p><\/p>\n\n\n\n<div class=\"wp-block-uagb-advanced-heading uagb-block-712871c4\"><h4 class=\"uagb-heading-text\">Transformez votre int\u00e9rieur avec une r\u00e9novation compl\u00e8te de votre salle de bain ou de votre cuisine.<br>Nous vous accompagnons de la conception \u00e0 la r\u00e9alisation, avec un interlocuteur unique et un travail soign\u00e9.<\/h4><\/div>\n\n\n\n<p><\/p>\n\n\n\n<div class=\"wp-block-uagb-container uagb-block-6fba734f alignfull uagb-is-root-container\"><div class=\"uagb-container-inner-blocks-wrap\">\n<div class=\"wp-block-uagb-container uagb-block-07709cca\">\n<div class=\"wp-block-uagb-image uagb-block-71acc5aa wp-block-uagb-image--layout-default wp-block-uagb-image--effect-static wp-block-uagb-image--align-none\"><figure class=\"wp-block-uagb-image__figure\"><img decoding=\"async\" srcset=\"https:\/\/alsabatirenov.fr\/wp-content\/uploads\/2026\/03\/SdB-Mu-1024x819.png ,https:\/\/alsabatirenov.fr\/wp-content\/uploads\/2026\/03\/SdB-Mu.png 780w, https:\/\/alsabatirenov.fr\/wp-content\/uploads\/2026\/03\/SdB-Mu.png 360w\" sizes=\"auto, (max-width: 480px) 150px\" src=\"https:\/\/alsabatirenov.fr\/wp-content\/uploads\/2026\/03\/SdB-Mu-1024x819.png\" alt=\"\" class=\"uag-image-346\" width=\"2000\" height=\"1600\" title=\"SdB Mu\" loading=\"lazy\" role=\"img\"\/><\/figure><\/div>\n<\/div>\n\n\n\n<div class=\"wp-block-uagb-container uagb-block-0bd727b7\">\n<div class=\"wp-block-uagb-image uagb-block-f22417cb wp-block-uagb-image--layout-default wp-block-uagb-image--effect-static wp-block-uagb-image--align-none\"><figure class=\"wp-block-uagb-image__figure\"><img decoding=\"async\" srcset=\"https:\/\/alsabatirenov.fr\/wp-content\/uploads\/2026\/03\/WC-Di-1024x819.png ,https:\/\/alsabatirenov.fr\/wp-content\/uploads\/2026\/03\/WC-Di.png 780w, https:\/\/alsabatirenov.fr\/wp-content\/uploads\/2026\/03\/WC-Di.png 360w\" sizes=\"auto, (max-width: 480px) 150px\" src=\"https:\/\/alsabatirenov.fr\/wp-content\/uploads\/2026\/03\/WC-Di-1024x819.png\" alt=\"\" class=\"uag-image-347\" width=\"2000\" height=\"1600\" title=\"WC Di\" loading=\"lazy\" role=\"img\"\/><\/figure><\/div>\n<\/div>\n\n\n\n<div class=\"wp-block-uagb-container uagb-block-e08973e9\">\n<div class=\"wp-block-uagb-image uagb-block-f40f1c4b wp-block-uagb-image--layout-default wp-block-uagb-image--effect-static wp-block-uagb-image--align-none\"><figure class=\"wp-block-uagb-image__figure\"><img decoding=\"async\" srcset=\"https:\/\/alsabatirenov.fr\/wp-content\/uploads\/2026\/03\/SdB-ta-1024x819.png ,https:\/\/alsabatirenov.fr\/wp-content\/uploads\/2026\/03\/SdB-ta.png 780w, https:\/\/alsabatirenov.fr\/wp-content\/uploads\/2026\/03\/SdB-ta.png 360w\" sizes=\"auto, (max-width: 480px) 150px\" src=\"https:\/\/alsabatirenov.fr\/wp-content\/uploads\/2026\/03\/SdB-ta-1024x819.png\" alt=\"\" class=\"uag-image-348\" width=\"2000\" height=\"1600\" title=\"SdB ta\" loading=\"lazy\" role=\"img\"\/><\/figure><\/div>\n<\/div>\n\n\n\n<div class=\"wp-block-uagb-container uagb-block-4b92f19b\">\n<div class=\"wp-block-uagb-image uagb-block-3edfe633 wp-block-uagb-image--layout-default wp-block-uagb-image--effect-static wp-block-uagb-image--align-none\"><figure class=\"wp-block-uagb-image__figure\"><img decoding=\"async\" srcset=\"https:\/\/alsabatirenov.fr\/wp-content\/uploads\/2026\/03\/SdB-Cl-2-1024x819.png ,https:\/\/alsabatirenov.fr\/wp-content\/uploads\/2026\/03\/SdB-Cl-2.png 780w, https:\/\/alsabatirenov.fr\/wp-content\/uploads\/2026\/03\/SdB-Cl-2.png 360w\" sizes=\"auto, (max-width: 480px) 150px\" src=\"https:\/\/alsabatirenov.fr\/wp-content\/uploads\/2026\/03\/SdB-Cl-2-1024x819.png\" alt=\"\" class=\"uag-image-345\" width=\"2000\" height=\"1600\" title=\"SdB Cl\" loading=\"lazy\" role=\"img\"\/><\/figure><\/div>\n<\/div>\n<\/div><\/div>\n\n\n\n<p><\/p>\n\n\n\n<div class=\"wp-block-uagb-advanced-heading uagb-block-b0d6f558\"><h5 class=\"uagb-heading-text\"><em>Un accompagnement de A \u00e0 Z<\/em><br><br>Nous prenons en charge l\u2019int\u00e9gralit\u00e9 de votre projet, de la d\u00e9molition \u00e0 la finition, pour vous garantir un r\u00e9sultat \u00e0 la hauteur de vos attentes<\/h5><\/div>\n\n\n\n<p><\/p>\n\n\n\n<div class=\"wp-block-uagb-advanced-heading uagb-block-d5c9e5ae\"><h6 class=\"uagb-heading-text\">Prestations incluses :<br>&#8211; D\u00e9pose et pr\u00e9paration du chantier<br>&#8211; Travaux de plomberie<br>&#8211; Travaux d\u2019\u00e9lectricit\u00e9<br>&#8211; Pose de carrelage et fa\u00efence<br>&#8211; Installation de mobilier (cuisine \/ salle de bain)<br>&#8211; Finitions soign\u00e9es<\/h6><\/div>\n\n\n\n<p><\/p>\n\n\n\n<div class=\"wp-block-uagb-container uagb-block-0bf1018c alignfull uagb-is-root-container\"><div class=\"uagb-container-inner-blocks-wrap\">\n<div class=\"wp-block-uagb-container uagb-block-fb0165bc\">\n<div class=\"wp-block-uagb-advanced-heading uagb-block-9a3e6860\"><h3 class=\"uagb-heading-text\">R\u00e9novation de salle de bain sur mesure<\/h3><\/div>\n\n\n\n<div class=\"wp-block-uagb-advanced-heading uagb-block-7d7d68cd\"><h5 class=\"uagb-heading-text\">R\u00e9alisation de salles de bain modernes, fonctionnelles et adapt\u00e9es \u00e0 votre espace.<\/h5><\/div>\n\n\n\n<div class=\"wp-block-uagb-advanced-heading uagb-block-cd3d8f84\"><h6 class=\"uagb-heading-text\">&#8211; Douche \u00e0 l\u2019italienne<br>&#8211; Remplacement de baignoire<br>&#8211; Meuble vasque<br>&#8211; Fa\u00efence murale<br>&#8211; Optimisation des petits espaces<\/h6><\/div>\n<\/div>\n\n\n\n<div class=\"wp-block-uagb-container uagb-block-96fc7001\">\n<div class=\"wp-block-uagb-advanced-heading uagb-block-070edd56\"><h3 class=\"uagb-heading-text\">Am\u00e9nagement de cuisine cl\u00e9 en main<\/h3><\/div>\n\n\n\n<div class=\"wp-block-uagb-advanced-heading uagb-block-38aa8b05\"><h5 class=\"uagb-heading-text\">Accompagnement dans la cr\u00e9ation ou la r\u00e9novation de votre cuisine, en alliant esth\u00e9tique et praticit\u00e9.<\/h5><\/div>\n\n\n\n<div class=\"wp-block-uagb-advanced-heading uagb-block-3b7f90cc\"><h6 class=\"uagb-heading-text\">&#8211; Pose de cuisine<br>&#8211; Raccordements plomberie et \u00e9lectricit\u00e9<br>&#8211; Installation \u00e9lectrom\u00e9nager<br>&#8211; Cr\u00e9dence et finitions<\/h6><\/div>\n<\/div>\n<\/div><\/div>\n\n\n\n<p><\/p>\n\n\n\n<div class=\"wp-block-uagb-advanced-heading uagb-block-d2846f7b\"><h2 class=\"uagb-heading-text\">POURQUOI NOUS CHOISIR<\/h2><\/div>\n\n\n\n<p><\/p>\n\n\n\n<div class=\"wp-block-uagb-advanced-heading uagb-block-b608747b\"><h4 class=\"uagb-heading-text\">\u2714 Interlocuteur unique<br>\u2714 Travail soign\u00e9 et durable<br>\u2714 Conseils personnalis\u00e9s<br>\u2714 Respect des d\u00e9lais<br>\u2714 Excellent rapport qualit\u00e9 \/ prix<\/h4><\/div>\n\n\n\n<p><\/p>\n\n\n\n<div class=\"wp-block-uagb-advanced-heading uagb-block-d7c0cfcc\"><h3 class=\"uagb-heading-text\">Entreprise de r\u00e9novation intervenant \u00e0 <strong>Strasbourg et <\/strong>alentours.<br><\/h3><\/div>\n\n\n\n<p><\/p>\n\n\n\n<div class=\"wp-block-uagb-container uagb-block-55ff05e0 alignfull uagb-is-root-container\"><div class=\"uagb-container-inner-blocks-wrap\">\n<div class=\"wp-block-uagb-container uagb-block-d4b83a2e\">\n<div class=\"wp-block-uagb-advanced-heading uagb-block-09aea705\"><h6 class=\"uagb-heading-text\"><strong><em>Strasbourg et Eurom\u00e9tropole<\/em><\/strong><br><br>&#8211; Schiltigheim<br>&#8211; Bischheim<br>&#8211; Hoenheim<br>&#8211; Lingolsheim<br>&#8211; Ostwald<br>&#8211; Eckbolsheim<br>&#8211; Illkirch-Graffenstaden<br>&#8211; La Wantzenau<br>&#8211; Souffelweyersheim<\/h6><\/div>\n<\/div>\n\n\n\n<div class=\"wp-block-uagb-container uagb-block-8f14b5c7\">\n<div class=\"wp-block-uagb-advanced-heading uagb-block-b0ffc743\"><h6 class=\"uagb-heading-text\">Secteur Nord de Strasbourg<br><br>&#8211; Vendenheim<br>&#8211; Brumath<br>&#8211; Reichstett<br>&#8211; Gambsheim<br>&#8211; Offendorf<br>&#8211; Kilstett<\/h6><\/div>\n<\/div>\n\n\n\n<div class=\"wp-block-uagb-container uagb-block-0ce57a7e\">\n<div class=\"wp-block-uagb-advanced-heading uagb-block-d3cad58b\"><h6 class=\"uagb-heading-text\">Secteur Ouest de Strasbourg<br><br>&#8211; Truchtersheim<br>&#8211; Ittenheim<br>&#8211; Furdenheim<br>&#8211; Handschuheim<br>&#8211; Achenheim<\/h6><\/div>\n<\/div>\n\n\n\n<div class=\"wp-block-uagb-container uagb-block-aeb047f1\">\n<div class=\"wp-block-uagb-advanced-heading uagb-block-912df7a3\"><h6 class=\"uagb-heading-text\">Secteur Sud de Strasbourg<br><br>&#8211; Geispolsheim<br>&#8211; Entzheim<br>&#8211; Fegersheim<br>&#8211; Eschau<br>&#8211; Plobsheim<br>&#8211; Lipsheim<\/h6><\/div>\n<\/div>\n\n\n\n<div class=\"wp-block-uagb-container uagb-block-3791ebde\">\n<div class=\"wp-block-uagb-advanced-heading uagb-block-0fe37fd6\"><h6 class=\"uagb-heading-text\">Secteur Sud-Ouest \/ Route des vins<br><br>&#8211; Molsheim<br>&#8211; Obernai<br>&#8211; Rosheim<br>&#8211; Bischoffsheim<br>&#8211; Griesheim-pr\u00e8s-Molsheim<\/h6><\/div>\n<\/div>\n\n\n\n<div class=\"wp-block-uagb-container uagb-block-74959a97\">\n<div class=\"wp-block-uagb-advanced-heading uagb-block-fc411059\"><h6 class=\"uagb-heading-text\">Secteur Centre Alsace<br><br>&#8211; Erstein<br>&#8211; Benfeld<br>&#8211; Kertzfeld<br>&#8211; Matzenheim<br>&#8211; Huttenheim<\/h6><\/div>\n<\/div>\n<\/div><\/div>\n\n\n\n<p><\/p>\n\n\n\n<div class=\"wp-block-uagb-advanced-heading uagb-block-54cb7065\"><h4 class=\"uagb-heading-text\">Notre entreprise de r\u00e9novation intervient rapidement \u00e0 Strasbourg et dans toutes les communes environnantes pour vos travaux de salle de bain, cuisine, plomberie, \u00e9lectricit\u00e9 et r\u00e9novation compl\u00e8te.<\/h4><\/div>\n\n\n\n<p><\/p>\n\n\n\n<div class=\"wp-block-uagb-buttons uagb-buttons__outer-wrap uagb-btn__default-btn uagb-btn-tablet__default-btn uagb-btn-mobile__default-btn uagb-block-e938d861\"><div class=\"uagb-buttons__wrap uagb-buttons-layout-wrap \">\n<div class=\"wp-block-uagb-buttons-child uagb-buttons__outer-wrap uagb-block-d92394ee wp-block-button\"><div class=\"uagb-button__wrapper\"><a class=\"uagb-buttons-repeater wp-block-button__link\" aria-label=\"\" href=\"tel:+33621487286\" rel=\"follow noopener\" target=\"_self\" role=\"button\"><div class=\"uagb-button__link\">Demander un devis<\/div><\/a><\/div><\/div>\n<\/div><\/div>\n\n\n\n<p><\/p>\n","protected":false},"excerpt":{"rendered":"<p>Salle de bain et cuisine cl\u00e9 en main Transformez votre int\u00e9rieur avec une r\u00e9novation compl\u00e8te de votre salle de bain [&hellip;]<\/p>\n","protected":false},"author":4,"featured_media":0,"parent":0,"menu_order":1,"comment_status":"closed","ping_status":"closed","template":"","meta":{"_uag_custom_page_level_css":"","site-sidebar-layout":"default","site-content-layout":"","ast-site-content-layout":"default","site-content-style":"default","site-sidebar-style":"default","ast-global-header-display":"","ast-banner-title-visibility":"","ast-main-header-display":"","ast-hfb-above-header-display":"","ast-hfb-below-header-display":"","ast-hfb-mobile-header-display":"","site-post-title":"disabled","ast-breadcrumbs-content":"","ast-featured-img":"","footer-sml-layout":"","ast-disable-related-posts":"","theme-transparent-header-meta":"","adv-header-id-meta":"","stick-header-meta":"","header-above-stick-meta":"","header-main-stick-meta":"","header-below-stick-meta":"","astra-migrate-meta-layouts":"default","ast-page-background-enabled":"default","ast-page-background-meta":{"desktop":{"background-color":"var(--ast-global-color-5)","background-image":"","background-repeat":"repeat","background-position":"center center","background-size":"auto","background-attachment":"scroll","background-type":"","background-media":"","overlay-type":"","overlay-color":"","overlay-opacity":"","overlay-gradient":""},"tablet":{"background-color":"","background-image":"","background-repeat":"repeat","background-position":"center center","background-size":"auto","background-attachment":"scroll","background-type":"","background-media":"","overlay-type":"","overlay-color":"","overlay-opacity":"","overlay-gradient":""},"mobile":{"background-color":"","background-image":"","background-repeat":"repeat","background-position":"center center","background-size":"auto","background-attachment":"scroll","background-type":"","background-media":"","overlay-type":"","overlay-color":"","overlay-opacity":"","overlay-gradient":""}},"ast-content-background-meta":{"desktop":{"background-color":"var(--ast-global-color-4)","background-image":"","background-repeat":"repeat","background-position":"center center","background-size":"auto","background-attachment":"scroll","background-type":"","background-media":"","overlay-type":"","overlay-color":"","overlay-opacity":"","overlay-gradient":""},"tablet":{"background-color":"var(--ast-global-color-4)","background-image":"","background-repeat":"repeat","background-position":"center center","background-size":"auto","background-attachment":"scroll","background-type":"","background-media":"","overlay-type":"","overlay-color":"","overlay-opacity":"","overlay-gradient":""},"mobile":{"background-color":"var(--ast-global-color-4)","background-image":"","background-repeat":"repeat","background-position":"center center","background-size":"auto","background-attachment":"scroll","background-type":"","background-media":"","overlay-type":"","overlay-color":"","overlay-opacity":"","overlay-gradient":""}},"footnotes":""},"class_list":["post-14","page","type-page","status-publish","hentry"],"yoast_head":"<!-- This site is optimized with the Yoast SEO plugin v27.3 - https:\/\/yoast.com\/product\/yoast-seo-wordpress\/ -->\n<title>R\u00e9alisation de Salle de Bain et Cuisine Cl\u00e9 en Main \u00e0 Strasbourg - Alsa Bati Renov<\/title>\n<meta name=\"description\" content=\"Transformez votre int\u00e9rieur avec une r\u00e9novation compl\u00e8te de votre salle de bain ou de votre cuisine \u00e0 Strasbourg. Demandez votre Devis Gratuit\" \/>\n<meta name=\"robots\" content=\"index, follow, max-snippet:-1, max-image-preview:large, max-video-preview:-1\" \/>\n<link rel=\"canonical\" href=\"https:\/\/alsabatirenov.fr\/index.php\/salle-de-bain-et-cuisine-cle-en-main\/\" \/>\n<meta property=\"og:locale\" content=\"fr_FR\" \/>\n<meta property=\"og:type\" content=\"article\" \/>\n<meta property=\"og:title\" content=\"R\u00e9alisation de Salle de Bain et Cuisine Cl\u00e9 en Main \u00e0 Strasbourg - Alsa Bati Renov\" \/>\n<meta property=\"og:description\" content=\"Transformez votre int\u00e9rieur avec une r\u00e9novation compl\u00e8te de votre salle de bain ou de votre cuisine \u00e0 Strasbourg. Demandez votre Devis Gratuit\" \/>\n<meta property=\"og:url\" content=\"https:\/\/alsabatirenov.fr\/index.php\/salle-de-bain-et-cuisine-cle-en-main\/\" \/>\n<meta property=\"og:site_name\" content=\"Alsa Bati Renov\" \/>\n<meta property=\"article:publisher\" content=\"https:\/\/www.facebook.com\/share\/18JDy82Wzf\/\" \/>\n<meta property=\"article:modified_time\" content=\"2026-04-05T07:58:40+00:00\" \/>\n<meta property=\"og:image\" content=\"https:\/\/alsabatirenov.fr\/wp-content\/uploads\/2026\/03\/SdB-Mu-1024x819.png\" \/>\n<meta name=\"twitter:card\" content=\"summary_large_image\" \/>\n<meta name=\"twitter:label1\" content=\"Dur\u00e9e de lecture estim\u00e9e\" \/>\n\t<meta name=\"twitter:data1\" content=\"3 minutes\" \/>\n<script type=\"application\/ld+json\" class=\"yoast-schema-graph\">{\"@context\":\"https:\\\/\\\/schema.org\",\"@graph\":[{\"@type\":\"WebPage\",\"@id\":\"https:\\\/\\\/alsabatirenov.fr\\\/index.php\\\/salle-de-bain-et-cuisine-cle-en-main\\\/\",\"url\":\"https:\\\/\\\/alsabatirenov.fr\\\/index.php\\\/salle-de-bain-et-cuisine-cle-en-main\\\/\",\"name\":\"R\u00e9alisation de Salle de Bain et Cuisine Cl\u00e9 en Main \u00e0 Strasbourg - Alsa Bati Renov\",\"isPartOf\":{\"@id\":\"https:\\\/\\\/alsabatirenov.fr\\\/#website\"},\"primaryImageOfPage\":{\"@id\":\"https:\\\/\\\/alsabatirenov.fr\\\/index.php\\\/salle-de-bain-et-cuisine-cle-en-main\\\/#primaryimage\"},\"image\":{\"@id\":\"https:\\\/\\\/alsabatirenov.fr\\\/index.php\\\/salle-de-bain-et-cuisine-cle-en-main\\\/#primaryimage\"},\"thumbnailUrl\":\"https:\\\/\\\/alsabatirenov.fr\\\/wp-content\\\/uploads\\\/2026\\\/03\\\/SdB-Mu-1024x819.png\",\"datePublished\":\"2023-09-10T12:26:40+00:00\",\"dateModified\":\"2026-04-05T07:58:40+00:00\",\"description\":\"Transformez votre int\u00e9rieur avec une r\u00e9novation compl\u00e8te de votre salle de bain ou de votre cuisine \u00e0 Strasbourg. Demandez votre Devis Gratuit\",\"breadcrumb\":{\"@id\":\"https:\\\/\\\/alsabatirenov.fr\\\/index.php\\\/salle-de-bain-et-cuisine-cle-en-main\\\/#breadcrumb\"},\"inLanguage\":\"fr-FR\",\"potentialAction\":[{\"@type\":\"ReadAction\",\"target\":[\"https:\\\/\\\/alsabatirenov.fr\\\/index.php\\\/salle-de-bain-et-cuisine-cle-en-main\\\/\"]}]},{\"@type\":\"ImageObject\",\"inLanguage\":\"fr-FR\",\"@id\":\"https:\\\/\\\/alsabatirenov.fr\\\/index.php\\\/salle-de-bain-et-cuisine-cle-en-main\\\/#primaryimage\",\"url\":\"https:\\\/\\\/alsabatirenov.fr\\\/wp-content\\\/uploads\\\/2026\\\/03\\\/SdB-Mu.png\",\"contentUrl\":\"https:\\\/\\\/alsabatirenov.fr\\\/wp-content\\\/uploads\\\/2026\\\/03\\\/SdB-Mu.png\",\"width\":2000,\"height\":1600},{\"@type\":\"BreadcrumbList\",\"@id\":\"https:\\\/\\\/alsabatirenov.fr\\\/index.php\\\/salle-de-bain-et-cuisine-cle-en-main\\\/#breadcrumb\",\"itemListElement\":[{\"@type\":\"ListItem\",\"position\":1,\"name\":\"Accueil\",\"item\":\"https:\\\/\\\/alsabatirenov.fr\\\/\"},{\"@type\":\"ListItem\",\"position\":2,\"name\":\"Salle de Bain et Cuisine Cl\u00e9 en Main\"}]},{\"@type\":\"WebSite\",\"@id\":\"https:\\\/\\\/alsabatirenov.fr\\\/#website\",\"url\":\"https:\\\/\\\/alsabatirenov.fr\\\/\",\"name\":\"Alsa Bati Renov\",\"description\":\"Entreprise de R\u00e9novation \u00e0 Strasbourg\",\"publisher\":{\"@id\":\"https:\\\/\\\/alsabatirenov.fr\\\/#organization\"},\"potentialAction\":[{\"@type\":\"SearchAction\",\"target\":{\"@type\":\"EntryPoint\",\"urlTemplate\":\"https:\\\/\\\/alsabatirenov.fr\\\/?s={search_term_string}\"},\"query-input\":{\"@type\":\"PropertyValueSpecification\",\"valueRequired\":true,\"valueName\":\"search_term_string\"}}],\"inLanguage\":\"fr-FR\"},{\"@type\":\"Organization\",\"@id\":\"https:\\\/\\\/alsabatirenov.fr\\\/#organization\",\"name\":\"Alsa Bati Renov \u2013 Entreprise de R\u00e9novation Maison & Appartement \u00e0 Strasbourg\",\"url\":\"https:\\\/\\\/alsabatirenov.fr\\\/\",\"logo\":{\"@type\":\"ImageObject\",\"inLanguage\":\"fr-FR\",\"@id\":\"https:\\\/\\\/alsabatirenov.fr\\\/#\\\/schema\\\/logo\\\/image\\\/\",\"url\":\"https:\\\/\\\/alsabatirenov.fr\\\/wp-content\\\/uploads\\\/2026\\\/03\\\/cropped-cropped-unnamed-e1774362393589.png\",\"contentUrl\":\"https:\\\/\\\/alsabatirenov.fr\\\/wp-content\\\/uploads\\\/2026\\\/03\\\/cropped-cropped-unnamed-e1774362393589.png\",\"width\":207,\"height\":69,\"caption\":\"Alsa Bati Renov \u2013 Entreprise de R\u00e9novation Maison & Appartement \u00e0 Strasbourg\"},\"image\":{\"@id\":\"https:\\\/\\\/alsabatirenov.fr\\\/#\\\/schema\\\/logo\\\/image\\\/\"},\"sameAs\":[\"https:\\\/\\\/www.facebook.com\\\/share\\\/18JDy82Wzf\\\/\"]}]}<\/script>\n<!-- \/ Yoast SEO plugin. -->","yoast_head_json":{"title":"R\u00e9alisation de Salle de Bain et Cuisine Cl\u00e9 en Main \u00e0 Strasbourg - Alsa Bati Renov","description":"Transformez votre int\u00e9rieur avec une r\u00e9novation compl\u00e8te de votre salle de bain ou de votre cuisine \u00e0 Strasbourg. Demandez votre Devis Gratuit","robots":{"index":"index","follow":"follow","max-snippet":"max-snippet:-1","max-image-preview":"max-image-preview:large","max-video-preview":"max-video-preview:-1"},"canonical":"https:\/\/alsabatirenov.fr\/index.php\/salle-de-bain-et-cuisine-cle-en-main\/","og_locale":"fr_FR","og_type":"article","og_title":"R\u00e9alisation de Salle de Bain et Cuisine Cl\u00e9 en Main \u00e0 Strasbourg - Alsa Bati Renov","og_description":"Transformez votre int\u00e9rieur avec une r\u00e9novation compl\u00e8te de votre salle de bain ou de votre cuisine \u00e0 Strasbourg. Demandez votre Devis Gratuit","og_url":"https:\/\/alsabatirenov.fr\/index.php\/salle-de-bain-et-cuisine-cle-en-main\/","og_site_name":"Alsa Bati Renov","article_publisher":"https:\/\/www.facebook.com\/share\/18JDy82Wzf\/","article_modified_time":"2026-04-05T07:58:40+00:00","og_image":[{"url":"https:\/\/alsabatirenov.fr\/wp-content\/uploads\/2026\/03\/SdB-Mu-1024x819.png","type":"","width":"","height":""}],"twitter_card":"summary_large_image","twitter_misc":{"Dur\u00e9e de lecture estim\u00e9e":"3 minutes"},"schema":{"@context":"https:\/\/schema.org","@graph":[{"@type":"WebPage","@id":"https:\/\/alsabatirenov.fr\/index.php\/salle-de-bain-et-cuisine-cle-en-main\/","url":"https:\/\/alsabatirenov.fr\/index.php\/salle-de-bain-et-cuisine-cle-en-main\/","name":"R\u00e9alisation de Salle de Bain et Cuisine Cl\u00e9 en Main \u00e0 Strasbourg - Alsa Bati Renov","isPartOf":{"@id":"https:\/\/alsabatirenov.fr\/#website"},"primaryImageOfPage":{"@id":"https:\/\/alsabatirenov.fr\/index.php\/salle-de-bain-et-cuisine-cle-en-main\/#primaryimage"},"image":{"@id":"https:\/\/alsabatirenov.fr\/index.php\/salle-de-bain-et-cuisine-cle-en-main\/#primaryimage"},"thumbnailUrl":"https:\/\/alsabatirenov.fr\/wp-content\/uploads\/2026\/03\/SdB-Mu-1024x819.png","datePublished":"2023-09-10T12:26:40+00:00","dateModified":"2026-04-05T07:58:40+00:00","description":"Transformez votre int\u00e9rieur avec une r\u00e9novation compl\u00e8te de votre salle de bain ou de votre cuisine \u00e0 Strasbourg. Demandez votre Devis Gratuit","breadcrumb":{"@id":"https:\/\/alsabatirenov.fr\/index.php\/salle-de-bain-et-cuisine-cle-en-main\/#breadcrumb"},"inLanguage":"fr-FR","potentialAction":[{"@type":"ReadAction","target":["https:\/\/alsabatirenov.fr\/index.php\/salle-de-bain-et-cuisine-cle-en-main\/"]}]},{"@type":"ImageObject","inLanguage":"fr-FR","@id":"https:\/\/alsabatirenov.fr\/index.php\/salle-de-bain-et-cuisine-cle-en-main\/#primaryimage","url":"https:\/\/alsabatirenov.fr\/wp-content\/uploads\/2026\/03\/SdB-Mu.png","contentUrl":"https:\/\/alsabatirenov.fr\/wp-content\/uploads\/2026\/03\/SdB-Mu.png","width":2000,"height":1600},{"@type":"BreadcrumbList","@id":"https:\/\/alsabatirenov.fr\/index.php\/salle-de-bain-et-cuisine-cle-en-main\/#breadcrumb","itemListElement":[{"@type":"ListItem","position":1,"name":"Accueil","item":"https:\/\/alsabatirenov.fr\/"},{"@type":"ListItem","position":2,"name":"Salle de Bain et Cuisine Cl\u00e9 en Main"}]},{"@type":"WebSite","@id":"https:\/\/alsabatirenov.fr\/#website","url":"https:\/\/alsabatirenov.fr\/","name":"Alsa Bati Renov","description":"Entreprise de R\u00e9novation \u00e0 Strasbourg","publisher":{"@id":"https:\/\/alsabatirenov.fr\/#organization"},"potentialAction":[{"@type":"SearchAction","target":{"@type":"EntryPoint","urlTemplate":"https:\/\/alsabatirenov.fr\/?s={search_term_string}"},"query-input":{"@type":"PropertyValueSpecification","valueRequired":true,"valueName":"search_term_string"}}],"inLanguage":"fr-FR"},{"@type":"Organization","@id":"https:\/\/alsabatirenov.fr\/#organization","name":"Alsa Bati Renov \u2013 Entreprise de R\u00e9novation Maison & Appartement \u00e0 Strasbourg","url":"https:\/\/alsabatirenov.fr\/","logo":{"@type":"ImageObject","inLanguage":"fr-FR","@id":"https:\/\/alsabatirenov.fr\/#\/schema\/logo\/image\/","url":"https:\/\/alsabatirenov.fr\/wp-content\/uploads\/2026\/03\/cropped-cropped-unnamed-e1774362393589.png","contentUrl":"https:\/\/alsabatirenov.fr\/wp-content\/uploads\/2026\/03\/cropped-cropped-unnamed-e1774362393589.png","width":207,"height":69,"caption":"Alsa Bati Renov \u2013 Entreprise de R\u00e9novation Maison & Appartement \u00e0 Strasbourg"},"image":{"@id":"https:\/\/alsabatirenov.fr\/#\/schema\/logo\/image\/"},"sameAs":["https:\/\/www.facebook.com\/share\/18JDy82Wzf\/"]}]}},"uagb_featured_image_src":{"full":false,"thumbnail":false,"medium":false,"medium_large":false,"large":false,"1536x1536":false,"2048x2048":false},"uagb_author_info":{"display_name":"Pascal Wolf","author_link":"https:\/\/alsabatirenov.fr\/index.php\/author\/pascal\/"},"uagb_comment_info":0,"uagb_excerpt":"Salle de bain et cuisine cl\u00e9 en main Transformez votre int\u00e9rieur avec une r\u00e9novation compl\u00e8te de votre salle de bain [&hellip;]","_links":{"self":[{"href":"https:\/\/alsabatirenov.fr\/index.php\/wp-json\/wp\/v2\/pages\/14","targetHints":{"allow":["GET"]}}],"collection":[{"href":"https:\/\/alsabatirenov.fr\/index.php\/wp-json\/wp\/v2\/pages"}],"about":[{"href":"https:\/\/alsabatirenov.fr\/index.php\/wp-json\/wp\/v2\/types\/page"}],"author":[{"embeddable":true,"href":"https:\/\/alsabatirenov.fr\/index.php\/wp-json\/wp\/v2\/users\/4"}],"replies":[{"embeddable":true,"href":"https:\/\/alsabatirenov.fr\/index.php\/wp-json\/wp\/v2\/comments?post=14"}],"version-history":[{"count":8,"href":"https:\/\/alsabatirenov.fr\/index.php\/wp-json\/wp\/v2\/pages\/14\/revisions"}],"predecessor-version":[{"id":397,"href":"https:\/\/alsabatirenov.fr\/index.php\/wp-json\/wp\/v2\/pages\/14\/revisions\/397"}],"wp:attachment":[{"href":"https:\/\/alsabatirenov.fr\/index.php\/wp-json\/wp\/v2\/media?parent=14"}],"curies":[{"name":"wp","href":"https:\/\/api.w.org\/{rel}","templated":true}]}}