{"id":12,"date":"2023-09-10T14:25:24","date_gmt":"2023-09-10T12:25:24","guid":{"rendered":"https:\/\/alsabatirenov.fr\/?page_id=12"},"modified":"2026-04-03T23:27:19","modified_gmt":"2026-04-03T21:27:19","slug":"nos-prestations-de-renovation-a-strasbourg","status":"publish","type":"page","link":"https:\/\/alsabatirenov.fr\/index.php\/nos-prestations-de-renovation-a-strasbourg\/","title":{"rendered":"Nos Pr\u00e9stations"},"content":{"rendered":"\n<p><\/p>\n\n\n\n<div class=\"wp-block-uagb-advanced-heading uagb-block-065c6035\"><h1 class=\"uagb-heading-text\">Nos prestations de r\u00e9novation<\/h1><\/div>\n\n\n\n<p><\/p>\n\n\n\n<div class=\"wp-block-uagb-advanced-heading uagb-block-4c7fdf19\"><h4 class=\"uagb-heading-text\">Nous vous accompagnons dans tous vos projets de r\u00e9novation int\u00e9rieure, du simple am\u00e9nagement \u00e0 la transformation compl\u00e8te de votre logement.<br>Gr\u00e2ce \u00e0 notre savoir-faire, nous vous garantissons un travail soign\u00e9, des conseils adapt\u00e9s et un suivi personnalis\u00e9.<\/h4><\/div>\n\n\n\n<p><\/p>\n\n\n\n<div class=\"wp-block-uagb-container uagb-block-5f35b843 alignfull uagb-is-root-container\"><div class=\"uagb-container-inner-blocks-wrap\">\n<div class=\"wp-block-uagb-container uagb-block-bfd458e2\">\n<div class=\"wp-block-uagb-advanced-heading uagb-block-bb63c59d\"><h4 class=\"uagb-heading-text\"><em>Salle de bain et cuisine cl\u00e9 en main<\/em><\/h4><\/div>\n\n\n\n<div class=\"wp-block-uagb-advanced-heading uagb-block-7732839c\"><h6 class=\"uagb-heading-text\">Nous concevons et r\u00e9alisons vos salles de bain et cuisines compl\u00e8tes : plomberie, \u00e9lectricit\u00e9, pose de mobilier, carrelage et finitions.<\/h6><\/div>\n\n\n\n<div class=\"wp-block-uagb-image uagb-block-48087b61 wp-block-uagb-image--layout-default wp-block-uagb-image--effect-zoomin wp-block-uagb-image--align-none\"><figure class=\"wp-block-uagb-image__figure\"><a class=\"\" href=\"https:\/\/alsabatirenov.fr\/index.php\/salle-de-bain-et-cuisine-cle-en-main\/\" target=\"\" rel=\"noopener\"><img decoding=\"async\" srcset=\"https:\/\/alsabatirenov.fr\/wp-content\/uploads\/2026\/03\/20231013_140507-225x300.jpg ,https:\/\/alsabatirenov.fr\/wp-content\/uploads\/2026\/03\/20231013_140507-scaled.jpg 780w, https:\/\/alsabatirenov.fr\/wp-content\/uploads\/2026\/03\/20231013_140507-scaled.jpg 360w\" sizes=\"auto, (max-width: 480px) 150px\" src=\"https:\/\/alsabatirenov.fr\/wp-content\/uploads\/2026\/03\/20231013_140507-225x300.jpg\" alt=\"\" class=\"uag-image-316\" width=\"225\" height=\"300\" title=\"Salle de bain\" loading=\"lazy\" role=\"img\"\/><\/a><\/figure><\/div>\n<\/div>\n\n\n\n<div class=\"wp-block-uagb-container uagb-block-ac8d6c24\">\n<div class=\"wp-block-uagb-advanced-heading uagb-block-530bbb4c\"><h4 class=\"uagb-heading-text\">Travaux de plomberie et \u00e9lectricit\u00e9<\/h4><\/div>\n\n\n\n<div class=\"wp-block-uagb-advanced-heading uagb-block-9570832a\"><h6 class=\"uagb-heading-text\">Installation, r\u00e9novation et mise aux normes de vos r\u00e9seaux pour garantir s\u00e9curit\u00e9, confort et performance au quotidien.<\/h6><\/div>\n\n\n\n<div class=\"wp-block-uagb-image uagb-block-5675cd8b wp-block-uagb-image--layout-default wp-block-uagb-image--effect-zoomin wp-block-uagb-image--align-none\"><figure class=\"wp-block-uagb-image__figure\"><a class=\"\" href=\"https:\/\/alsabatirenov.fr\/index.php\/plomberie-et-electricite\/\" target=\"\" rel=\"noopener\"><img decoding=\"async\" srcset=\"https:\/\/alsabatirenov.fr\/wp-content\/uploads\/2026\/03\/Travaux-Plomberie-Electricite-300x200.png ,https:\/\/alsabatirenov.fr\/wp-content\/uploads\/2026\/03\/Travaux-Plomberie-Electricite.png 780w, https:\/\/alsabatirenov.fr\/wp-content\/uploads\/2026\/03\/Travaux-Plomberie-Electricite.png 360w\" sizes=\"auto, (max-width: 480px) 150px\" src=\"https:\/\/alsabatirenov.fr\/wp-content\/uploads\/2026\/03\/Travaux-Plomberie-Electricite-300x200.png\" alt=\"\" class=\"uag-image-324\" width=\"300\" height=\"200\" title=\"Travaux Plomberie Electricit\u00e9\" loading=\"lazy\" role=\"img\"\/><\/a><\/figure><\/div>\n<\/div>\n\n\n\n<div class=\"wp-block-uagb-container uagb-block-0288f3b4\">\n<div class=\"wp-block-uagb-advanced-heading uagb-block-53677171\"><h4 class=\"uagb-heading-text\">Rev\u00eatements de sol et mur<\/h4><\/div>\n\n\n\n<div class=\"wp-block-uagb-advanced-heading uagb-block-556cfd2a\"><h6 class=\"uagb-heading-text\">Pose de carrelage, parquet, fa\u00efence et autres rev\u00eatements pour valoriser et moderniser vos espaces int\u00e9rieurs.<\/h6><\/div>\n\n\n\n<div class=\"wp-block-uagb-image uagb-block-49fa623a wp-block-uagb-image--layout-default wp-block-uagb-image--effect-zoomin wp-block-uagb-image--align-none\"><figure class=\"wp-block-uagb-image__figure\"><a class=\"\" href=\"https:\/\/alsabatirenov.fr\/index.php\/revetement-de-sol\/\" target=\"\" rel=\"noopener\"><img decoding=\"async\" srcset=\"https:\/\/alsabatirenov.fr\/wp-content\/uploads\/2026\/03\/20241128_114137-1-300x225.jpg ,https:\/\/alsabatirenov.fr\/wp-content\/uploads\/2026\/03\/20241128_114137-1-scaled.jpg 780w, https:\/\/alsabatirenov.fr\/wp-content\/uploads\/2026\/03\/20241128_114137-1-scaled.jpg 360w\" sizes=\"auto, (max-width: 480px) 150px\" src=\"https:\/\/alsabatirenov.fr\/wp-content\/uploads\/2026\/03\/20241128_114137-1-300x225.jpg\" alt=\"\" class=\"uag-image-318\" width=\"300\" height=\"225\" title=\"Rev\u00e8tement de sol\" loading=\"lazy\" role=\"img\"\/><\/a><\/figure><\/div>\n<\/div>\n\n\n\n<div class=\"wp-block-uagb-container uagb-block-0c83c975\">\n<div class=\"wp-block-uagb-advanced-heading uagb-block-bfadae67\"><h4 class=\"uagb-heading-text\">Pose de placopl\u00e2tre et isolation<\/h4><\/div>\n\n\n\n<div class=\"wp-block-uagb-advanced-heading uagb-block-c8fea828\"><h6 class=\"uagb-heading-text\">Cr\u00e9ation de cloisons, faux plafonds et travaux d\u2019isolation int\u00e9rieur pour optimiser vos espaces et am\u00e9liorer votre confort thermique et acoustique.<\/h6><\/div>\n\n\n\n<div class=\"wp-block-uagb-image aligncenter uagb-block-08031f07 wp-block-uagb-image--layout-default wp-block-uagb-image--effect-zoomin wp-block-uagb-image--align-center\"><figure class=\"wp-block-uagb-image__figure\"><a class=\"\" href=\"https:\/\/alsabatirenov.fr\/index.php\/pose-de-placoplatre\/\" target=\"\" rel=\"noopener\"><img decoding=\"async\" srcset=\"https:\/\/alsabatirenov.fr\/wp-content\/uploads\/2026\/03\/IMG-20260325-WA0013-225x300.jpg ,https:\/\/alsabatirenov.fr\/wp-content\/uploads\/2026\/03\/IMG-20260325-WA0013-e1774883511351.jpg 780w, https:\/\/alsabatirenov.fr\/wp-content\/uploads\/2026\/03\/IMG-20260325-WA0013-e1774883511351.jpg 360w\" sizes=\"auto, (max-width: 480px) 150px\" src=\"https:\/\/alsabatirenov.fr\/wp-content\/uploads\/2026\/03\/IMG-20260325-WA0013-225x300.jpg\" alt=\"\" class=\"uag-image-320\" width=\"181\" height=\"241\" title=\"Placopl\u00e2tre\" loading=\"lazy\" role=\"img\"\/><\/a><\/figure><\/div>\n<\/div>\n<\/div><\/div>\n\n\n\n<p><\/p>\n\n\n\n<div class=\"wp-block-uagb-advanced-heading uagb-block-35a9539d\"><h1 class=\"uagb-heading-text\">Un projet de r\u00e9novation ?<\/h1><\/div>\n\n\n\n<p><\/p>\n\n\n\n<div class=\"wp-block-uagb-advanced-heading uagb-block-ab4e6b44\"><h3 class=\"uagb-heading-text\">Contactez-nous pour \u00e9changer sur votre projet et obtenir un devis gratuit, rapide et personnalis\u00e9.<\/h3><\/div>\n\n\n\n<p><\/p>\n\n\n\n<div class=\"wp-block-uagb-buttons uagb-buttons__outer-wrap uagb-btn__default-btn uagb-btn-tablet__default-btn uagb-btn-mobile__default-btn uagb-block-6a339933\"><div class=\"uagb-buttons__wrap uagb-buttons-layout-wrap \">\n<div class=\"wp-block-uagb-buttons-child uagb-buttons__outer-wrap uagb-block-52461a9f wp-block-button\"><div class=\"uagb-button__wrapper\"><a class=\"uagb-buttons-repeater wp-block-button__link\" aria-label=\"\" href=\"#contact\" rel=\"follow noopener\" target=\"_self\" role=\"button\"><div class=\"uagb-button__link\">Demander un devis<\/div><\/a><\/div><\/div>\n<\/div><\/div>\n\n\n\n<p><\/p>\n","protected":false},"excerpt":{"rendered":"<p>Nos prestations de r\u00e9novation Nous vous accompagnons dans tous vos projets de r\u00e9novation int\u00e9rieure, du simple am\u00e9nagement \u00e0 la transformation [&hellip;]<\/p>\n","protected":false},"author":4,"featured_media":0,"parent":0,"menu_order":0,"comment_status":"closed","ping_status":"closed","template":"","meta":{"_uag_custom_page_level_css":"","site-sidebar-layout":"default","site-content-layout":"","ast-site-content-layout":"default","site-content-style":"default","site-sidebar-style":"default","ast-global-header-display":"","ast-banner-title-visibility":"","ast-main-header-display":"","ast-hfb-above-header-display":"","ast-hfb-below-header-display":"","ast-hfb-mobile-header-display":"","site-post-title":"disabled","ast-breadcrumbs-content":"","ast-featured-img":"","footer-sml-layout":"","ast-disable-related-posts":"","theme-transparent-header-meta":"","adv-header-id-meta":"","stick-header-meta":"","header-above-stick-meta":"","header-main-stick-meta":"","header-below-stick-meta":"","astra-migrate-meta-layouts":"default","ast-page-background-enabled":"default","ast-page-background-meta":{"desktop":{"background-color":"var(--ast-global-color-5)","background-image":"","background-repeat":"repeat","background-position":"center center","background-size":"auto","background-attachment":"scroll","background-type":"","background-media":"","overlay-type":"","overlay-color":"","overlay-opacity":"","overlay-gradient":""},"tablet":{"background-color":"","background-image":"","background-repeat":"repeat","background-position":"center center","background-size":"auto","background-attachment":"scroll","background-type":"","background-media":"","overlay-type":"","overlay-color":"","overlay-opacity":"","overlay-gradient":""},"mobile":{"background-color":"","background-image":"","background-repeat":"repeat","background-position":"center center","background-size":"auto","background-attachment":"scroll","background-type":"","background-media":"","overlay-type":"","overlay-color":"","overlay-opacity":"","overlay-gradient":""}},"ast-content-background-meta":{"desktop":{"background-color":"var(--ast-global-color-4)","background-image":"","background-repeat":"repeat","background-position":"center center","background-size":"auto","background-attachment":"scroll","background-type":"","background-media":"","overlay-type":"","overlay-color":"","overlay-opacity":"","overlay-gradient":""},"tablet":{"background-color":"var(--ast-global-color-4)","background-image":"","background-repeat":"repeat","background-position":"center center","background-size":"auto","background-attachment":"scroll","background-type":"","background-media":"","overlay-type":"","overlay-color":"","overlay-opacity":"","overlay-gradient":""},"mobile":{"background-color":"var(--ast-global-color-4)","background-image":"","background-repeat":"repeat","background-position":"center center","background-size":"auto","background-attachment":"scroll","background-type":"","background-media":"","overlay-type":"","overlay-color":"","overlay-opacity":"","overlay-gradient":""}},"footnotes":""},"class_list":["post-12","page","type-page","status-publish","hentry"],"yoast_head":"<!-- This site is optimized with the Yoast SEO plugin v27.3 - https:\/\/yoast.com\/product\/yoast-seo-wordpress\/ -->\n<title>Nos Pr\u00e9stations de R\u00e9novation \u00e0 Strasbourg - Alsa Bati Renov<\/title>\n<meta name=\"description\" content=\"D\u00e9couvrez nos prestations de r\u00e9novation, en passant de la plomberie, a l&#039;\u00e9lectricit\u00e9 au carrelage pour des travaux cl\u00e9 en main.\" \/>\n<meta name=\"robots\" content=\"index, follow, max-snippet:-1, max-image-preview:large, max-video-preview:-1\" \/>\n<link rel=\"canonical\" href=\"https:\/\/alsabatirenov.fr\/index.php\/nos-prestations-de-renovation-a-strasbourg\/\" \/>\n<meta property=\"og:locale\" content=\"fr_FR\" \/>\n<meta property=\"og:type\" content=\"article\" \/>\n<meta property=\"og:title\" content=\"Nos Pr\u00e9stations de R\u00e9novation \u00e0 Strasbourg - Alsa Bati Renov\" \/>\n<meta property=\"og:description\" content=\"D\u00e9couvrez nos prestations de r\u00e9novation, en passant de la plomberie, a l&#039;\u00e9lectricit\u00e9 au carrelage pour des travaux cl\u00e9 en main.\" \/>\n<meta property=\"og:url\" content=\"https:\/\/alsabatirenov.fr\/index.php\/nos-prestations-de-renovation-a-strasbourg\/\" \/>\n<meta property=\"og:site_name\" content=\"Alsa Bati Renov\" \/>\n<meta property=\"article:publisher\" content=\"https:\/\/www.facebook.com\/share\/18JDy82Wzf\/\" \/>\n<meta property=\"article:modified_time\" content=\"2026-04-03T21:27:19+00:00\" \/>\n<meta property=\"og:image\" content=\"https:\/\/alsabatirenov.fr\/wp-content\/uploads\/2026\/03\/20231013_140507-225x300.jpg\" \/>\n<meta name=\"twitter:card\" content=\"summary_large_image\" \/>\n<meta name=\"twitter:label1\" content=\"Dur\u00e9e de lecture estim\u00e9e\" \/>\n\t<meta name=\"twitter:data1\" content=\"2 minutes\" \/>\n<script type=\"application\/ld+json\" class=\"yoast-schema-graph\">{\"@context\":\"https:\\\/\\\/schema.org\",\"@graph\":[{\"@type\":\"WebPage\",\"@id\":\"https:\\\/\\\/alsabatirenov.fr\\\/index.php\\\/nos-prestations-de-renovation-a-strasbourg\\\/\",\"url\":\"https:\\\/\\\/alsabatirenov.fr\\\/index.php\\\/nos-prestations-de-renovation-a-strasbourg\\\/\",\"name\":\"Nos Pr\u00e9stations de R\u00e9novation \u00e0 Strasbourg - Alsa Bati Renov\",\"isPartOf\":{\"@id\":\"https:\\\/\\\/alsabatirenov.fr\\\/#website\"},\"primaryImageOfPage\":{\"@id\":\"https:\\\/\\\/alsabatirenov.fr\\\/index.php\\\/nos-prestations-de-renovation-a-strasbourg\\\/#primaryimage\"},\"image\":{\"@id\":\"https:\\\/\\\/alsabatirenov.fr\\\/index.php\\\/nos-prestations-de-renovation-a-strasbourg\\\/#primaryimage\"},\"thumbnailUrl\":\"https:\\\/\\\/alsabatirenov.fr\\\/wp-content\\\/uploads\\\/2026\\\/03\\\/20231013_140507-225x300.jpg\",\"datePublished\":\"2023-09-10T12:25:24+00:00\",\"dateModified\":\"2026-04-03T21:27:19+00:00\",\"description\":\"D\u00e9couvrez nos prestations de r\u00e9novation, en passant de la plomberie, a l'\u00e9lectricit\u00e9 au carrelage pour des travaux cl\u00e9 en main.\",\"breadcrumb\":{\"@id\":\"https:\\\/\\\/alsabatirenov.fr\\\/index.php\\\/nos-prestations-de-renovation-a-strasbourg\\\/#breadcrumb\"},\"inLanguage\":\"fr-FR\",\"potentialAction\":[{\"@type\":\"ReadAction\",\"target\":[\"https:\\\/\\\/alsabatirenov.fr\\\/index.php\\\/nos-prestations-de-renovation-a-strasbourg\\\/\"]}]},{\"@type\":\"ImageObject\",\"inLanguage\":\"fr-FR\",\"@id\":\"https:\\\/\\\/alsabatirenov.fr\\\/index.php\\\/nos-prestations-de-renovation-a-strasbourg\\\/#primaryimage\",\"url\":\"https:\\\/\\\/alsabatirenov.fr\\\/wp-content\\\/uploads\\\/2026\\\/03\\\/20231013_140507-scaled.jpg\",\"contentUrl\":\"https:\\\/\\\/alsabatirenov.fr\\\/wp-content\\\/uploads\\\/2026\\\/03\\\/20231013_140507-scaled.jpg\",\"width\":1920,\"height\":2560},{\"@type\":\"BreadcrumbList\",\"@id\":\"https:\\\/\\\/alsabatirenov.fr\\\/index.php\\\/nos-prestations-de-renovation-a-strasbourg\\\/#breadcrumb\",\"itemListElement\":[{\"@type\":\"ListItem\",\"position\":1,\"name\":\"Accueil\",\"item\":\"https:\\\/\\\/alsabatirenov.fr\\\/\"},{\"@type\":\"ListItem\",\"position\":2,\"name\":\"Nos Pr\u00e9stations\"}]},{\"@type\":\"WebSite\",\"@id\":\"https:\\\/\\\/alsabatirenov.fr\\\/#website\",\"url\":\"https:\\\/\\\/alsabatirenov.fr\\\/\",\"name\":\"Alsa Bati Renov\",\"description\":\"Entreprise de R\u00e9novation \u00e0 Strasbourg\",\"publisher\":{\"@id\":\"https:\\\/\\\/alsabatirenov.fr\\\/#organization\"},\"potentialAction\":[{\"@type\":\"SearchAction\",\"target\":{\"@type\":\"EntryPoint\",\"urlTemplate\":\"https:\\\/\\\/alsabatirenov.fr\\\/?s={search_term_string}\"},\"query-input\":{\"@type\":\"PropertyValueSpecification\",\"valueRequired\":true,\"valueName\":\"search_term_string\"}}],\"inLanguage\":\"fr-FR\"},{\"@type\":\"Organization\",\"@id\":\"https:\\\/\\\/alsabatirenov.fr\\\/#organization\",\"name\":\"Alsa Bati Renov \u2013 Entreprise de R\u00e9novation Maison & Appartement \u00e0 Strasbourg\",\"url\":\"https:\\\/\\\/alsabatirenov.fr\\\/\",\"logo\":{\"@type\":\"ImageObject\",\"inLanguage\":\"fr-FR\",\"@id\":\"https:\\\/\\\/alsabatirenov.fr\\\/#\\\/schema\\\/logo\\\/image\\\/\",\"url\":\"https:\\\/\\\/alsabatirenov.fr\\\/wp-content\\\/uploads\\\/2026\\\/03\\\/cropped-cropped-unnamed-e1774362393589.png\",\"contentUrl\":\"https:\\\/\\\/alsabatirenov.fr\\\/wp-content\\\/uploads\\\/2026\\\/03\\\/cropped-cropped-unnamed-e1774362393589.png\",\"width\":207,\"height\":69,\"caption\":\"Alsa Bati Renov \u2013 Entreprise de R\u00e9novation Maison & Appartement \u00e0 Strasbourg\"},\"image\":{\"@id\":\"https:\\\/\\\/alsabatirenov.fr\\\/#\\\/schema\\\/logo\\\/image\\\/\"},\"sameAs\":[\"https:\\\/\\\/www.facebook.com\\\/share\\\/18JDy82Wzf\\\/\"]}]}<\/script>\n<!-- \/ Yoast SEO plugin. -->","yoast_head_json":{"title":"Nos Pr\u00e9stations de R\u00e9novation \u00e0 Strasbourg - Alsa Bati Renov","description":"D\u00e9couvrez nos prestations de r\u00e9novation, en passant de la plomberie, a l'\u00e9lectricit\u00e9 au carrelage pour des travaux cl\u00e9 en main.","robots":{"index":"index","follow":"follow","max-snippet":"max-snippet:-1","max-image-preview":"max-image-preview:large","max-video-preview":"max-video-preview:-1"},"canonical":"https:\/\/alsabatirenov.fr\/index.php\/nos-prestations-de-renovation-a-strasbourg\/","og_locale":"fr_FR","og_type":"article","og_title":"Nos Pr\u00e9stations de R\u00e9novation \u00e0 Strasbourg - Alsa Bati Renov","og_description":"D\u00e9couvrez nos prestations de r\u00e9novation, en passant de la plomberie, a l'\u00e9lectricit\u00e9 au carrelage pour des travaux cl\u00e9 en main.","og_url":"https:\/\/alsabatirenov.fr\/index.php\/nos-prestations-de-renovation-a-strasbourg\/","og_site_name":"Alsa Bati Renov","article_publisher":"https:\/\/www.facebook.com\/share\/18JDy82Wzf\/","article_modified_time":"2026-04-03T21:27:19+00:00","og_image":[{"url":"https:\/\/alsabatirenov.fr\/wp-content\/uploads\/2026\/03\/20231013_140507-225x300.jpg","type":"","width":"","height":""}],"twitter_card":"summary_large_image","twitter_misc":{"Dur\u00e9e de lecture estim\u00e9e":"2 minutes"},"schema":{"@context":"https:\/\/schema.org","@graph":[{"@type":"WebPage","@id":"https:\/\/alsabatirenov.fr\/index.php\/nos-prestations-de-renovation-a-strasbourg\/","url":"https:\/\/alsabatirenov.fr\/index.php\/nos-prestations-de-renovation-a-strasbourg\/","name":"Nos Pr\u00e9stations de R\u00e9novation \u00e0 Strasbourg - Alsa Bati Renov","isPartOf":{"@id":"https:\/\/alsabatirenov.fr\/#website"},"primaryImageOfPage":{"@id":"https:\/\/alsabatirenov.fr\/index.php\/nos-prestations-de-renovation-a-strasbourg\/#primaryimage"},"image":{"@id":"https:\/\/alsabatirenov.fr\/index.php\/nos-prestations-de-renovation-a-strasbourg\/#primaryimage"},"thumbnailUrl":"https:\/\/alsabatirenov.fr\/wp-content\/uploads\/2026\/03\/20231013_140507-225x300.jpg","datePublished":"2023-09-10T12:25:24+00:00","dateModified":"2026-04-03T21:27:19+00:00","description":"D\u00e9couvrez nos prestations de r\u00e9novation, en passant de la plomberie, a l'\u00e9lectricit\u00e9 au carrelage pour des travaux cl\u00e9 en main.","breadcrumb":{"@id":"https:\/\/alsabatirenov.fr\/index.php\/nos-prestations-de-renovation-a-strasbourg\/#breadcrumb"},"inLanguage":"fr-FR","potentialAction":[{"@type":"ReadAction","target":["https:\/\/alsabatirenov.fr\/index.php\/nos-prestations-de-renovation-a-strasbourg\/"]}]},{"@type":"ImageObject","inLanguage":"fr-FR","@id":"https:\/\/alsabatirenov.fr\/index.php\/nos-prestations-de-renovation-a-strasbourg\/#primaryimage","url":"https:\/\/alsabatirenov.fr\/wp-content\/uploads\/2026\/03\/20231013_140507-scaled.jpg","contentUrl":"https:\/\/alsabatirenov.fr\/wp-content\/uploads\/2026\/03\/20231013_140507-scaled.jpg","width":1920,"height":2560},{"@type":"BreadcrumbList","@id":"https:\/\/alsabatirenov.fr\/index.php\/nos-prestations-de-renovation-a-strasbourg\/#breadcrumb","itemListElement":[{"@type":"ListItem","position":1,"name":"Accueil","item":"https:\/\/alsabatirenov.fr\/"},{"@type":"ListItem","position":2,"name":"Nos Pr\u00e9stations"}]},{"@type":"WebSite","@id":"https:\/\/alsabatirenov.fr\/#website","url":"https:\/\/alsabatirenov.fr\/","name":"Alsa Bati Renov","description":"Entreprise de R\u00e9novation \u00e0 Strasbourg","publisher":{"@id":"https:\/\/alsabatirenov.fr\/#organization"},"potentialAction":[{"@type":"SearchAction","target":{"@type":"EntryPoint","urlTemplate":"https:\/\/alsabatirenov.fr\/?s={search_term_string}"},"query-input":{"@type":"PropertyValueSpecification","valueRequired":true,"valueName":"search_term_string"}}],"inLanguage":"fr-FR"},{"@type":"Organization","@id":"https:\/\/alsabatirenov.fr\/#organization","name":"Alsa Bati Renov \u2013 Entreprise de R\u00e9novation Maison & Appartement \u00e0 Strasbourg","url":"https:\/\/alsabatirenov.fr\/","logo":{"@type":"ImageObject","inLanguage":"fr-FR","@id":"https:\/\/alsabatirenov.fr\/#\/schema\/logo\/image\/","url":"https:\/\/alsabatirenov.fr\/wp-content\/uploads\/2026\/03\/cropped-cropped-unnamed-e1774362393589.png","contentUrl":"https:\/\/alsabatirenov.fr\/wp-content\/uploads\/2026\/03\/cropped-cropped-unnamed-e1774362393589.png","width":207,"height":69,"caption":"Alsa Bati Renov \u2013 Entreprise de R\u00e9novation Maison & Appartement \u00e0 Strasbourg"},"image":{"@id":"https:\/\/alsabatirenov.fr\/#\/schema\/logo\/image\/"},"sameAs":["https:\/\/www.facebook.com\/share\/18JDy82Wzf\/"]}]}},"uagb_featured_image_src":{"full":false,"thumbnail":false,"medium":false,"medium_large":false,"large":false,"1536x1536":false,"2048x2048":false},"uagb_author_info":{"display_name":"Pascal Wolf","author_link":"https:\/\/alsabatirenov.fr\/index.php\/author\/pascal\/"},"uagb_comment_info":0,"uagb_excerpt":"Nos prestations de r\u00e9novation Nous vous accompagnons dans tous vos projets de r\u00e9novation int\u00e9rieure, du simple am\u00e9nagement \u00e0 la transformation [&hellip;]","_links":{"self":[{"href":"https:\/\/alsabatirenov.fr\/index.php\/wp-json\/wp\/v2\/pages\/12","targetHints":{"allow":["GET"]}}],"collection":[{"href":"https:\/\/alsabatirenov.fr\/index.php\/wp-json\/wp\/v2\/pages"}],"about":[{"href":"https:\/\/alsabatirenov.fr\/index.php\/wp-json\/wp\/v2\/types\/page"}],"author":[{"embeddable":true,"href":"https:\/\/alsabatirenov.fr\/index.php\/wp-json\/wp\/v2\/users\/4"}],"replies":[{"embeddable":true,"href":"https:\/\/alsabatirenov.fr\/index.php\/wp-json\/wp\/v2\/comments?post=12"}],"version-history":[{"count":12,"href":"https:\/\/alsabatirenov.fr\/index.php\/wp-json\/wp\/v2\/pages\/12\/revisions"}],"predecessor-version":[{"id":341,"href":"https:\/\/alsabatirenov.fr\/index.php\/wp-json\/wp\/v2\/pages\/12\/revisions\/341"}],"wp:attachment":[{"href":"https:\/\/alsabatirenov.fr\/index.php\/wp-json\/wp\/v2\/media?parent=12"}],"curies":[{"name":"wp","href":"https:\/\/api.w.org\/{rel}","templated":true}]}}